{"id":1714,"date":"2024-09-13T12:22:50","date_gmt":"2024-09-13T10:22:50","guid":{"rendered":"https:\/\/granvista.holiday\/?page_id=1714"},"modified":"2025-04-15T17:48:50","modified_gmt":"2025-04-15T15:48:50","slug":"contact","status":"publish","type":"page","link":"https:\/\/www.mini-studio.eu\/en\/contact\/","title":{"rendered":"Contact"},"content":{"rendered":"<div class=\"\" style=\"\" >\n    \n    <section class=\"skrollable u-clearfix u-image u-shading u-section-2\" id=\"sec-5c8f\" data-image-width=\"3024\" data-image-height=\"4032\" style=\"background-image: linear-gradient(0deg, rgba(0, 0, 0, 0.35), rgba(0, 0, 0, 0.35)), url(&quot;https:\/\/www.mini-studio.eu\/wp-content\/uploads\/2024\/11\/IMG_0243-scaled.jpg&quot;);\">\n      <div class=\"u-clearfix u-sheet u-sheet-1\">\n        <h1 class=\"u-align-center u-custom-font u-text u-title u-text-1\">Contact<\/h1>\n        <h2 class=\"u-align-center u-custom-font u-subtitle u-text u-text-2\">We are here for any questions<\/h2>\n      <\/div>\n    <\/section>\n    <section class=\"u-clearfix u-section-3\" id=\"sec-5243\">\n      <div class=\"u-clearfix u-sheet u-sheet-1\">\n        <h1 class=\"u-align-left u-custom-font u-text u-text-custom-color-9 u-title u-text-1\">Contact us <\/h1>\n        <h2 class=\"u-align-left u-custom-font u-subtitle u-text u-text-grey-90 u-text-2\">E-mail<\/h2>\n        <p class=\"u-align-left u-custom-font u-text u-text-grey-70 u-text-3\">Send us a message with your inquiry via e-mail.<br>\n        <\/p>\n        <p class=\"u-align-left u-custom-font u-hover-feature u-text u-text-grey-70 u-text-4\">\n          <a class=\"u-active-none u-border-none u-btn u-button-link u-button-style u-hover-none u-none u-text-custom-color-9 u-btn-1\" href=\"mailto:ministudio@ronis.hr?subject=Query\"><span class=\"u-file-icon u-icon u-icon-1\"><img decoding=\"async\" src=\"https:\/\/www.mini-studio.eu\/wp-content\/uploads\/2025\/04\/gmail.png\" alt=\"\"><\/span>&nbsp;ministudio@ronis.hr\n          <\/a>\n        <\/p>\n        <h2 class=\"u-align-left u-custom-font u-subtitle u-text u-text-grey-90 u-text-5\">Other applications<\/h2>\n        <p class=\"u-align-left u-custom-font u-text u-text-grey-70 u-text-6\"> You can also contact us on the following applications:<br>\n        <\/p>\n        <p class=\"u-align-left u-custom-font u-hover-feature u-text u-text-grey-70 u-text-7\">\n          <a class=\"u-active-none u-border-none u-btn u-button-link u-button-style u-hover-none u-none u-text-custom-color-9 u-btn-2\" href=\"https:\/\/wa.me\/+385914022828\" target=\"_blank\"><span class=\"u-file-icon u-icon u-icon-2\"><img decoding=\"async\" src=\"https:\/\/www.mini-studio.eu\/wp-content\/uploads\/2025\/04\/logo.png\" alt=\"\"><\/span>&nbsp;WhatsApp&nbsp;\u00b7 Ronald\n          <\/a>\n        <\/p>\n        <p class=\"u-align-left u-custom-font u-hover-feature u-text u-text-grey-70 u-text-8\">\n          <a class=\"u-active-none u-border-none u-btn u-button-link u-button-style u-hover-none u-none u-text-custom-color-9 u-btn-3\" href=\"http:\/\/m.me\/mini.studio.apartment\" target=\"_blank\"><span class=\"u-file-icon u-icon u-icon-3\"><img decoding=\"async\" src=\"https:\/\/www.mini-studio.eu\/wp-content\/uploads\/2025\/04\/mess.png\" alt=\"\"><\/span>&nbsp;Messenger\n          <\/a>\n        <\/p>\n        <p class=\"u-align-left u-custom-font u-hover-feature u-text u-text-grey-70 u-text-9\">\n          <a class=\"u-active-none u-border-none u-btn u-button-link u-button-style u-hover-none u-none u-text-custom-color-9 u-btn-4\" href=\"viber:\/\/chat\/?number=00385914022828\" target=\"_blank\"><span class=\"u-file-icon u-icon u-icon-4\"><img decoding=\"async\" src=\"https:\/\/www.mini-studio.eu\/wp-content\/uploads\/2025\/04\/viber.png\" alt=\"\"><\/span>&nbsp;Viber&nbsp;\u00b7 Ronald\n          <\/a>\n        <\/p>\n        <p class=\"u-align-left u-custom-font u-text u-text-grey-70 u-text-10\">If you're only interested in when we have available dates or the price, you can check our always up-to-date calendar on the <a href=\"https:\/\/www.mini-studio.eu\/en\/booking\/\" class=\"u-active-none u-border-none u-btn u-button-link u-button-style u-hover-none u-none u-text-custom-color-9 u-btn-5\">booking page<\/a>.<br>\n          <br>You can expect a response to your inquiry on the same day you send it. Your host is Ronald.\n        <\/p>\n      <\/div>\n      \n      \n      \n      \n    <\/section>\n    \n    \n    \n    \n  \n<\/div>","protected":false},"excerpt":{"rendered":"<p>Kontakt Tu smo za sva pitanja Kontaktirajte nas E-mail Po\u0161aljite nam poruku s va\u0161im upitom na e-mail. &nbsp;ministudio@ronis.hr Ostale aplikacije Mo\u017eete nas kontaktirati i na sljede\u0107im ostalim aplikacijama: &nbsp;WhatsApp&nbsp;\u00b7 Ronald &nbsp;Messenger &nbsp;Viber&nbsp;\u00b7 Ronald Ukoliko vas samo zanima kada imamo slobodan termin ili cijena, to mo\u017eete provjeriti na na\u0161em uvijek a\u017euriranom kalendaru na stranici za rezervaciju. [&hellip;]<\/p>\n","protected":false},"author":1,"featured_media":0,"parent":0,"menu_order":0,"comment_status":"closed","ping_status":"closed","template":"","meta":{"footnotes":""},"class_list":["post-1714","page","type-page","status-publish","hentry"],"yoast_head":"<!-- This site is optimized with the Yoast SEO plugin v27.5 - https:\/\/yoast.com\/product\/yoast-seo-wordpress\/ -->\n<title>Contact - Mini Studio Apartment<\/title>\n<meta name=\"description\" content=\"Get in touch with us for any inquiries or to book your stay at Mini Studio. Find our contact details, location, and booking options here.\" \/>\n<meta name=\"robots\" content=\"index, follow, max-snippet:-1, max-image-preview:large, max-video-preview:-1\" \/>\n<link rel=\"canonical\" href=\"https:\/\/www.mini-studio.eu\/en\/contact\/\" \/>\n<meta property=\"og:locale\" content=\"en_GB\" \/>\n<meta property=\"og:type\" content=\"article\" \/>\n<meta property=\"og:title\" content=\"Contact - Mini Studio Apartment\" \/>\n<meta property=\"og:description\" content=\"Get in touch with us for any inquiries or to book your stay at Mini Studio. Find our contact details, location, and booking options here.\" \/>\n<meta property=\"og:url\" content=\"https:\/\/www.mini-studio.eu\/en\/contact\/\" \/>\n<meta property=\"og:site_name\" content=\"Mini Studio\" \/>\n<meta property=\"article:publisher\" content=\"https:\/\/www.facebook.com\/mini.studio.apartment\/\" \/>\n<meta property=\"article:modified_time\" content=\"2025-04-15T15:48:50+00:00\" \/>\n<meta property=\"og:image\" content=\"https:\/\/www.mini-studio.eu\/wp-content\/uploads\/2024\/09\/galerija1-1.jpg\" \/>\n\t<meta property=\"og:image:width\" content=\"1500\" \/>\n\t<meta property=\"og:image:height\" content=\"1125\" \/>\n\t<meta property=\"og:image:type\" content=\"image\/jpeg\" \/>\n<meta name=\"twitter:card\" content=\"summary_large_image\" \/>\n<meta name=\"twitter:label1\" content=\"Estimated reading time\" \/>\n\t<meta name=\"twitter:data1\" content=\"1 minute\" \/>\n<script type=\"application\/ld+json\" class=\"yoast-schema-graph\">{\"@context\":\"https:\\\/\\\/schema.org\",\"@graph\":[{\"@type\":\"WebPage\",\"@id\":\"https:\\\/\\\/www.mini-studio.eu\\\/contact\\\/\",\"url\":\"https:\\\/\\\/www.mini-studio.eu\\\/contact\\\/\",\"name\":\"Contact - Mini Studio Apartment\",\"isPartOf\":{\"@id\":\"https:\\\/\\\/www.mini-studio.eu\\\/#website\"},\"datePublished\":\"2024-09-13T10:22:50+00:00\",\"dateModified\":\"2025-04-15T15:48:50+00:00\",\"description\":\"Get in touch with us for any inquiries or to book your stay at Mini Studio. Find our contact details, location, and booking options here.\",\"breadcrumb\":{\"@id\":\"https:\\\/\\\/www.mini-studio.eu\\\/contact\\\/#breadcrumb\"},\"inLanguage\":\"en-GB\",\"potentialAction\":[{\"@type\":\"ReadAction\",\"target\":[\"https:\\\/\\\/www.mini-studio.eu\\\/contact\\\/\"]}]},{\"@type\":\"BreadcrumbList\",\"@id\":\"https:\\\/\\\/www.mini-studio.eu\\\/contact\\\/#breadcrumb\",\"itemListElement\":[{\"@type\":\"ListItem\",\"position\":1,\"name\":\"Home\",\"item\":\"https:\\\/\\\/www.mini-studio.eu\\\/\"},{\"@type\":\"ListItem\",\"position\":2,\"name\":\"Kontakt\"}]},{\"@type\":\"WebSite\",\"@id\":\"https:\\\/\\\/www.mini-studio.eu\\\/#website\",\"url\":\"https:\\\/\\\/www.mini-studio.eu\\\/\",\"name\":\"Mini Studio Apartment\",\"description\":\"Your Mini Home\",\"publisher\":{\"@id\":\"https:\\\/\\\/www.mini-studio.eu\\\/#organization\"},\"alternateName\":\"Mini Studio\",\"potentialAction\":[{\"@type\":\"SearchAction\",\"target\":{\"@type\":\"EntryPoint\",\"urlTemplate\":\"https:\\\/\\\/www.mini-studio.eu\\\/?s={search_term_string}\"},\"query-input\":{\"@type\":\"PropertyValueSpecification\",\"valueRequired\":true,\"valueName\":\"search_term_string\"}}],\"inLanguage\":\"en-GB\"},{\"@type\":\"Organization\",\"@id\":\"https:\\\/\\\/www.mini-studio.eu\\\/#organization\",\"name\":\"Mini Studio\",\"url\":\"https:\\\/\\\/www.mini-studio.eu\\\/\",\"logo\":{\"@type\":\"ImageObject\",\"inLanguage\":\"en-GB\",\"@id\":\"https:\\\/\\\/www.mini-studio.eu\\\/#\\\/schema\\\/logo\\\/image\\\/\",\"url\":\"https:\\\/\\\/www.mini-studio.eu\\\/wp-content\\\/uploads\\\/2024\\\/09\\\/logo_mini-studio-removebg-preview-1.png\",\"contentUrl\":\"https:\\\/\\\/www.mini-studio.eu\\\/wp-content\\\/uploads\\\/2024\\\/09\\\/logo_mini-studio-removebg-preview-1.png\",\"width\":494,\"height\":154,\"caption\":\"Mini Studio\"},\"image\":{\"@id\":\"https:\\\/\\\/www.mini-studio.eu\\\/#\\\/schema\\\/logo\\\/image\\\/\"},\"sameAs\":[\"https:\\\/\\\/www.facebook.com\\\/mini.studio.apartment\\\/\"]}]}<\/script>\n<!-- \/ Yoast SEO plugin. -->","yoast_head_json":{"title":"Contact - Mini Studio Apartment","description":"Get in touch with us for any inquiries or to book your stay at Mini Studio. Find our contact details, location, and booking options here.","robots":{"index":"index","follow":"follow","max-snippet":"max-snippet:-1","max-image-preview":"max-image-preview:large","max-video-preview":"max-video-preview:-1"},"canonical":"https:\/\/www.mini-studio.eu\/en\/contact\/","og_locale":"en_GB","og_type":"article","og_title":"Contact - Mini Studio Apartment","og_description":"Get in touch with us for any inquiries or to book your stay at Mini Studio. Find our contact details, location, and booking options here.","og_url":"https:\/\/www.mini-studio.eu\/en\/contact\/","og_site_name":"Mini Studio","article_publisher":"https:\/\/www.facebook.com\/mini.studio.apartment\/","article_modified_time":"2025-04-15T15:48:50+00:00","og_image":[{"width":1500,"height":1125,"url":"https:\/\/www.mini-studio.eu\/wp-content\/uploads\/2024\/09\/galerija1-1.jpg","type":"image\/jpeg"}],"twitter_card":"summary_large_image","twitter_misc":{"Estimated reading time":"1 minute"},"schema":{"@context":"https:\/\/schema.org","@graph":[{"@type":"WebPage","@id":"https:\/\/www.mini-studio.eu\/contact\/","url":"https:\/\/www.mini-studio.eu\/contact\/","name":"Contact - Mini Studio Apartment","isPartOf":{"@id":"https:\/\/www.mini-studio.eu\/#website"},"datePublished":"2024-09-13T10:22:50+00:00","dateModified":"2025-04-15T15:48:50+00:00","description":"Get in touch with us for any inquiries or to book your stay at Mini Studio. Find our contact details, location, and booking options here.","breadcrumb":{"@id":"https:\/\/www.mini-studio.eu\/contact\/#breadcrumb"},"inLanguage":"en-GB","potentialAction":[{"@type":"ReadAction","target":["https:\/\/www.mini-studio.eu\/contact\/"]}]},{"@type":"BreadcrumbList","@id":"https:\/\/www.mini-studio.eu\/contact\/#breadcrumb","itemListElement":[{"@type":"ListItem","position":1,"name":"Home","item":"https:\/\/www.mini-studio.eu\/"},{"@type":"ListItem","position":2,"name":"Kontakt"}]},{"@type":"WebSite","@id":"https:\/\/www.mini-studio.eu\/#website","url":"https:\/\/www.mini-studio.eu\/","name":"Mini Studio Apartment","description":"Your Mini Home","publisher":{"@id":"https:\/\/www.mini-studio.eu\/#organization"},"alternateName":"Mini Studio","potentialAction":[{"@type":"SearchAction","target":{"@type":"EntryPoint","urlTemplate":"https:\/\/www.mini-studio.eu\/?s={search_term_string}"},"query-input":{"@type":"PropertyValueSpecification","valueRequired":true,"valueName":"search_term_string"}}],"inLanguage":"en-GB"},{"@type":"Organization","@id":"https:\/\/www.mini-studio.eu\/#organization","name":"Mini Studio","url":"https:\/\/www.mini-studio.eu\/","logo":{"@type":"ImageObject","inLanguage":"en-GB","@id":"https:\/\/www.mini-studio.eu\/#\/schema\/logo\/image\/","url":"https:\/\/www.mini-studio.eu\/wp-content\/uploads\/2024\/09\/logo_mini-studio-removebg-preview-1.png","contentUrl":"https:\/\/www.mini-studio.eu\/wp-content\/uploads\/2024\/09\/logo_mini-studio-removebg-preview-1.png","width":494,"height":154,"caption":"Mini Studio"},"image":{"@id":"https:\/\/www.mini-studio.eu\/#\/schema\/logo\/image\/"},"sameAs":["https:\/\/www.facebook.com\/mini.studio.apartment\/"]}]}},"jetpack_sharing_enabled":true,"_links":{"self":[{"href":"https:\/\/www.mini-studio.eu\/en\/wp-json\/wp\/v2\/pages\/1714","targetHints":{"allow":["GET"]}}],"collection":[{"href":"https:\/\/www.mini-studio.eu\/en\/wp-json\/wp\/v2\/pages"}],"about":[{"href":"https:\/\/www.mini-studio.eu\/en\/wp-json\/wp\/v2\/types\/page"}],"author":[{"embeddable":true,"href":"https:\/\/www.mini-studio.eu\/en\/wp-json\/wp\/v2\/users\/1"}],"replies":[{"embeddable":true,"href":"https:\/\/www.mini-studio.eu\/en\/wp-json\/wp\/v2\/comments?post=1714"}],"version-history":[{"count":11,"href":"https:\/\/www.mini-studio.eu\/en\/wp-json\/wp\/v2\/pages\/1714\/revisions"}],"predecessor-version":[{"id":2097,"href":"https:\/\/www.mini-studio.eu\/en\/wp-json\/wp\/v2\/pages\/1714\/revisions\/2097"}],"wp:attachment":[{"href":"https:\/\/www.mini-studio.eu\/en\/wp-json\/wp\/v2\/media?parent=1714"}],"curies":[{"name":"wp","href":"https:\/\/api.w.org\/{rel}","templated":true}]}}