{"id":69,"date":"2020-08-23T10:24:35","date_gmt":"2020-08-23T10:24:35","guid":{"rendered":"http:\/\/granvista.holiday\/sto-nudimo\/"},"modified":"2025-04-14T16:25:28","modified_gmt":"2025-04-14T14:25:28","slug":"amenities","status":"publish","type":"page","link":"https:\/\/www.mini-studio.eu\/en\/amenities\/","title":{"rendered":"Amenities"},"content":{"rendered":"<div class=\"\" style=\"\" >\n    \n    <section class=\"skrollable u-align-center u-clearfix u-container-align-center u-image u-parallax u-shading u-section-2\" id=\"sec-440c\" data-image-width=\"4032\" data-image-height=\"3024\" style=\"background-image: linear-gradient(0deg, rgba(0, 0, 0, 0.35), rgba(0, 0, 0, 0.35)), url(&quot;https:\/\/www.mini-studio.eu\/wp-content\/uploads\/2024\/11\/IMG_02382-scaled.jpg&quot;);\">\n      <div class=\"u-clearfix u-sheet u-sheet-1\">\n        <h1 class=\"u-custom-font u-text u-text-white u-title u-text-1\">Amenities<\/h1>\n        <h2 class=\"u-custom-font u-subtitle u-text u-text-white u-text-2\">Everything you may need<\/h2>\n      <\/div>\n    <\/section>\n    <section class=\"u-clearfix u-section-3\" id=\"sec-e666\">\n      <div class=\"u-clearfix u-sheet u-sheet-1\">\n        <h2 class=\"u-align-center u-custom-font u-subtitle u-text u-text-grey-90 u-text-1\">Amenities<\/h2>\n      <\/div>\n    <\/section>\n    <section class=\"u-clearfix u-section-4\" id=\"sec-735c\">\n      <div class=\"u-clearfix u-sheet u-sheet-1\">\n        <div class=\"data-layout-selected u-clearfix u-expanded-width u-layout-wrap u-layout-wrap-1\">\n          <div class=\"u-gutter-0 u-layout\">\n            <div class=\"u-layout-col\">\n              <div class=\"u-size-60\">\n                <div class=\"u-layout-row\">\n                  <div class=\"u-container-style u-layout-cell u-shape-rectangle u-size-20 u-size-60-md u-layout-cell-1\">\n                    <div class=\"u-container-layout u-valign-top u-container-layout-1\">\n                      <p class=\"u-custom-font u-text u-text-default u-text-1\"><span class=\"u-file-icon u-icon u-icon-1\"><img decoding=\"async\" src=\"https:\/\/www.mini-studio.eu\/wp-content\/uploads\/2025\/02\/905535.png\" alt=\"\"><\/span>&nbsp; <span style=\"font-weight: 600;\">Parking <\/span>\n                        <br><span class=\"u-text-grey-70\">\u2022 free public parking is available on-site, no reservation needed <br>\u2022 street parking<\/span>\n                        <br>\n                      <\/p>\n                      <p class=\"u-custom-font u-text u-text-default u-text-2\"><span class=\"u-file-icon u-icon u-icon-2\"><img decoding=\"async\" src=\"https:\/\/www.mini-studio.eu\/wp-content\/uploads\/2025\/02\/748151.png\" alt=\"\"><\/span>&nbsp; <span style=\"font-weight: 600;\"> Internet <\/span>\n                        <br><span class=\"u-text-grey-70\">\u2022 wireless internet access is available throughout the property and is free of charge<\/span>\n                      <\/p>\n                      <p class=\"u-custom-font u-text u-text-grey-70 u-text-3\"><span class=\"u-file-icon u-icon u-icon-3\"><img decoding=\"async\" src=\"https:\/\/www.mini-studio.eu\/wp-content\/uploads\/2025\/02\/1033522.png\" alt=\"\"><\/span>&nbsp; <span style=\"font-weight: 600;\" class=\"u-text-body-color\"> Kitchen <\/span>\n                        <br>\u2022 kitchen table <br>\u2022 cleaning supplies <br>\u2022 kitchenware <br>\u2022 cutlery <br>\u2022 dishwashing supplies <br>\u2022 microwave <br>\u2022 fridge <br>\u2022 kitchenette <br>\u2022 pan <br>\u2022 pot <br>\u2022 kettle <br>\u2022 stove\n                      <\/p>\n                      <p class=\"u-custom-font u-text u-text-4\"><span class=\"u-file-icon u-icon u-icon-4\"><img decoding=\"async\" src=\"https:\/\/www.mini-studio.eu\/wp-content\/uploads\/2025\/02\/952776.png\" alt=\"\"><\/span>&nbsp;<span style=\"font-weight: 700; font-size: 1.125rem;\"><span style=\"font-weight: 900;\"><span style=\"font-weight: 600; font-size: 1rem;\">Bedroom<\/span><\/span><\/span>\n                        <br><span class=\"u-text-grey-70\">\u2022 Queen size bed <br>\u2022 bed linen<\/span>\n                      <\/p>\n                    <\/div>\n                  <\/div>\n                  <div class=\"u-container-style u-layout-cell u-shape-rectangle u-size-20 u-size-60-md u-layout-cell-2\">\n                    <div class=\"u-container-layout u-container-layout-2\">\n                      <p class=\"u-custom-font u-text u-text-grey-70 u-text-5\"><span class=\"u-file-icon u-icon u-icon-5\"><img decoding=\"async\" src=\"https:\/\/www.mini-studio.eu\/wp-content\/uploads\/2025\/02\/2176525.png\" alt=\"\"><\/span>&nbsp;<span style=\"font-weight: 600;\" class=\"u-text-body-color\"> Bathroom <\/span>\n                        <br>\u2022 toilet paper <br>\u2022 towels <br>\u2022 shower cabin <br>\u2022 private bathroom <br>\u2022 WC <br>\u2022 free toiletries <br>\u2022 hairdryer <br>\u2022 soap <br>\u2022 shampoo <br>\u2022 washing machine<br>\n                      <\/p>\n                      <p class=\"u-custom-font u-text u-text-6\"><span class=\"u-file-icon u-icon u-icon-6\"><img decoding=\"async\" src=\"https:\/\/www.mini-studio.eu\/wp-content\/uploads\/2025\/02\/914400.png\" alt=\"\"><\/span>&nbsp;<span style=\"font-weight: 600;\">Living room <\/span>\n                        <br><span class=\"u-text-grey-70\">\u2022 desk <br>\u2022 window view<\/span>\n                      <\/p>\n                      <p class=\"u-custom-font u-text u-text-7\"><span class=\"u-file-icon u-icon u-icon-7\"><img decoding=\"async\" src=\"https:\/\/www.mini-studio.eu\/wp-content\/uploads\/2025\/02\/3159461.png\" alt=\"\"><\/span>&nbsp; <span style=\"font-weight: 600;\">Media and technology <\/span>\n                        <br><span class=\"u-text-grey-70\">\u2022 game console <br>\u2022 Smart TV <br>\u2022 video games <br>\u2022 radio <br>\u2022 sound system<\/span>\n                      <\/p>\n                    <\/div>\n                  <\/div>\n                  <div class=\"u-container-style u-layout-cell u-shape-rectangle u-size-20 u-size-60-md u-layout-cell-3\">\n                    <div class=\"u-container-layout u-container-layout-3\">\n                      <p class=\"u-custom-font u-text u-text-8\"><span class=\"u-file-icon u-icon u-icon-8\"><img decoding=\"async\" src=\"https:\/\/www.mini-studio.eu\/wp-content\/uploads\/2025\/02\/5201613.png\" alt=\"\"><\/span>&nbsp; <span style=\"font-weight: 600;\">Room amenities <\/span>\n                        <br><span class=\"u-text-grey-70\">\u2022 clothes dryer <br>\u2022 clothes rack <br>\u2022 private entrance <br>\u2022 iron <br>\u2022 ironing board <br>\u2022 vacuum cleaner <br>\u2022 hangers <br>\u2022 wardrobe<\/span>\n                        <br>\n                      <\/p>\n                      <p class=\"u-custom-font u-text u-text-9\"><span class=\"u-file-icon u-icon u-icon-9\"><img decoding=\"async\" src=\"https:\/\/www.mini-studio.eu\/wp-content\/uploads\/2025\/02\/1535914.png\" alt=\"\"><\/span>&nbsp; <span style=\"font-weight: 600;\">Building features<\/span>\n                        <br><span class=\"u-text-grey-70\">\u2022 private apartment in the building<\/span>\n                        <br>\n                      <\/p>\n                      <p class=\"u-custom-font u-text u-text-10\"><span class=\"u-file-icon u-icon u-icon-10\"><img decoding=\"async\" src=\"https:\/\/www.mini-studio.eu\/wp-content\/uploads\/2025\/02\/905553.png\" alt=\"\"><\/span>&nbsp; <span style=\"font-size: 18px;\"><b><span style=\"font-weight: 600; font-size: 1rem;\">Reception services<\/span><\/b><\/span>\n                        <br><span class=\"u-text-grey-70\">\u2022 can issue an invoice<br>\u2022 express check-in\/check-out<\/span>\n                      <\/p>\n                      <p class=\"u-custom-font u-text u-text-11\"><span class=\"u-file-icon u-icon u-icon-11\"><img decoding=\"async\" src=\"https:\/\/www.mini-studio.eu\/wp-content\/uploads\/2025\/02\/9066929.png\" alt=\"\"><\/span>&nbsp; <span style=\"font-size: 18px;\"><b><span style=\"font-weight: 600; font-size: 1rem;\">Other<\/span><span style=\"font-weight: 600;\"><\/span><\/b><\/span>\n                        <br><span class=\"u-text-grey-70\">\u2022 air conditioner<br>\u2022 no smoking throughout the property<br>\u2022 heating<\/span>\n                      <\/p>\n                      <p class=\"u-custom-font u-text u-text-12\"><span class=\"u-file-icon u-icon u-icon-12\"><img decoding=\"async\" src=\"https:\/\/www.mini-studio.eu\/wp-content\/uploads\/2025\/02\/9828893.png\" alt=\"\"><\/span>&nbsp;<span style=\"font-weight: 600;\"><\/span><span style=\"font-size: 18px;\"><b><span style=\"font-weight: 600; font-size: 1rem;\">Service available in<\/span><span style=\"font-weight: 600;\"><span style=\"font-weight: 600;\"><span style=\"font-weight: 600;\"><\/span><\/span><\/span><\/b><\/span>\n                        <br><span class=\"u-text-grey-70\">\u2022 english<br>\u2022 croatian<\/span>\n                      <\/p>\n                    <\/div>\n                  <\/div>\n                <\/div>\n              <\/div>\n            <\/div>\n          <\/div>\n        <\/div>\n      <\/div>\n    <\/section>\n    <section class=\"u-clearfix u-custom-color-21 u-section-5\" id=\"sec-b7c1\">\n      <div class=\"u-clearfix u-sheet u-sheet-1\">\n        <h2 class=\"u-align-left u-custom-font u-subtitle u-text u-text-grey-90 u-text-1\">Neighborhood<\/h2>\n        <p class=\"u-align-left u-custom-font u-text u-text-grey-70 u-text-2\"> The Mini Studio Apartment is located on the 1st floor of a small building, built in 2009. There are 2 residential units on the same floor, and on the ground floor, there is a nice coffee bar. On weekends, you can expect noise from the bar until 1 AM if you have the windows open.&nbsp;<br>\n        <\/p>\n      <\/div>\n    <\/section>\n    <section class=\"u-clearfix u-custom-color-21 u-section-6\" id=\"carousel_3a9f\">\n      <div class=\"u-clearfix u-sheet u-sheet-1\">\n        <h2 class=\"u-align-left u-custom-font u-subtitle u-text u-text-grey-90 u-text-1\">Apartment entrance<\/h2>\n        <p class=\"u-align-left u-custom-font u-text u-text-grey-70 u-text-2\"> In front of the building, you will see Patrix Bar. The entrance to the building is to the right of the bar at the large lattice door. On the right side of the door, you will see a pin pad on the wall that unlocks the door. Enter the hallway, and on the left side, you will see a door. Enter the building, and on the 1st floor, look for the door marked MINI STUDIO APARTMENT.&nbsp;<br>\n        <\/p>\n      <\/div>\n    <\/section>\n    <section class=\"u-clearfix u-section-7\" id=\"carousel_6829\">\n      <div class=\"u-clearfix u-sheet u-sheet-1\">\n        <div class=\"data-layout-selected u-clearfix u-expanded-width u-gutter-24 u-layout-wrap u-layout-wrap-1\">\n          <div class=\"u-layout\">\n            <div class=\"u-layout-row\">\n              <div class=\"u-container-style u-layout-cell u-size-30 u-layout-cell-1\">\n                <div class=\"u-container-layout u-container-layout-1\">\n                  <h2 class=\"u-align-left u-custom-font u-subtitle u-text u-text-grey-90 u-text-1\">Parking instructions<\/h2>\n                  <p class=\"u-align-left u-custom-font u-text u-text-grey-70 u-text-2\">Free parking is located 80 meters from the building. Follow the video instructions to park safely. <br>\n                    <a href=\"https:\/\/www.youtube.com\/watch?v=MKsRlgHER1k\" class=\"u-active-none u-border-none u-btn u-button-link u-button-style u-hover-none u-none u-text-custom-color-9 u-btn-1\" target=\"_blank\">Click here for parking instructions in English.<\/a>\n                  <\/p>\n                  <div class=\"u-video u-video-contain u-video-1\">\n                    <div class=\"embed-responsive embed-responsive-1\">\n                      <iframe style=\"position: absolute;top: 0;left: 0;width: 100%;height: 100%;\" class=\"embed-responsive-item\" src=\"https:\/\/www.youtube.com\/embed\/bnS_M10VnUY?mute=0&amp;showinfo=0&amp;controls=0&amp;start=0\" frameborder=\"0\" allowfullscreen=\"\"><\/iframe>\n                    <\/div>\n                  <\/div>\n                <\/div>\n              <\/div>\n              <div class=\"u-container-style u-layout-cell u-size-30 u-layout-cell-2\">\n                <div class=\"u-container-layout u-container-layout-2\">\n                  <img decoding=\"async\" class=\"u-absolute-hcenter u-expanded-height u-image u-image-contain u-image-round u-radius u-image-1\" src=\"https:\/\/www.mini-studio.eu\/wp-content\/uploads\/2024\/09\/parking.jpg\" alt=\"\" data-image-width=\"750\" data-image-height=\"1080\">\n                <\/div>\n              <\/div>\n            <\/div>\n          <\/div>\n        <\/div>\n      <\/div>\n    <\/section>\n    <section class=\"u-clearfix u-custom-color-21 u-section-8\" id=\"carousel_91ab\">\n      <div class=\"u-clearfix u-sheet u-sheet-1\">\n        <h2 class=\"u-align-left u-custom-font u-subtitle u-text u-text-grey-90 u-text-1\">Surroundings of the property.<\/h2>\n        <p class=\"u-align-left u-custom-font u-text u-text-2\"><span style=\"font-weight: 600;\">What's nearby <\/span>\n          <br><span class=\"u-text-grey-70\">Antun Gustav Mato\u0161 Square \u2219 11 km <br>Mestni park Ro\u017ea \u2219 19 km <\/span>\n          <br>\n          <br><span style=\"font-weight: 600;\">Public transport <\/span>\n          <br><span class=\"u-text-grey-70\">Train \u2219 \u010cakovec-Buzovec \u2219 600 m <br>Train \u2219 \u010cakovec \u2219 1,9 km <\/span>\n          <br>\n          <br><span style=\"font-weight: 600;\">Nearest airports <\/span>\n          <br><span class=\"u-text-grey-70\">Maribor Edvard Rusjan Airport \u2219 57 km <br>H\u00e9v\u00edz\u2013Balaton Airport \u2219 63 km <br>Zagreb Franjo Tu\u0111man Airport \u2219 75 km<\/span>\n          <br>\n        <\/p>\n      <\/div>\n    <\/section>\n    \n    \n    \n    \n  \n<\/div>","protected":false},"excerpt":{"rendered":"<p>Pogodnosti Sve \u0161to vam mo\u017ee zatrebati Pogodnosti &nbsp; Parkirali\u0161te \u2022 besplatno javno parkirali\u0161te dostupno je u okviru objekta i nije potrebna rezervacija \u2022 parking uz cestu &nbsp; Internet \u2022 be\u017ei\u010dni pristup internetu dostupan je u cijelom objektu i ne napla\u0107uje se &nbsp; Kuhinja \u2022 kuhinjski stol \u2022 sredstva za \u010di\u0161\u0107enje \u2022 kuhinjski pribor \u2022 pribor [&hellip;]<\/p>\n","protected":false},"author":1,"featured_media":0,"parent":0,"menu_order":2,"comment_status":"closed","ping_status":"closed","template":"","meta":{"footnotes":""},"class_list":["post-69","page","type-page","status-publish","hentry"],"yoast_head":"<!-- This site is optimized with the Yoast SEO plugin v27.5 - https:\/\/yoast.com\/product\/yoast-seo-wordpress\/ -->\n<title>Amenities - Mini Studio Apartment<\/title>\n<meta name=\"description\" content=\"Mini Studio ima sve \u0161to vam treba - Potpuno je opremljen, sadr\u017ei malu kuhinjicu, kupaonicu, bra\u010dni krevet, TV, i sve \u0161to vam mo\u017ee zatrebati.\" \/>\n<meta name=\"robots\" content=\"index, follow, max-snippet:-1, max-image-preview:large, max-video-preview:-1\" \/>\n<link rel=\"canonical\" href=\"https:\/\/www.mini-studio.eu\/en\/amenities\/\" \/>\n<meta property=\"og:locale\" content=\"en_GB\" \/>\n<meta property=\"og:type\" content=\"article\" \/>\n<meta property=\"og:title\" content=\"Pogodnosti - Mini Studio Apartment\" \/>\n<meta property=\"og:description\" content=\"Mini Studio ima sve \u0161to vam treba - Potpuno je opremljen, sadr\u017ei malu kuhinjicu, kupaonicu, bra\u010dni krevet, TV, i sve \u0161to vam mo\u017ee zatrebati.\" \/>\n<meta property=\"og:url\" content=\"https:\/\/www.mini-studio.eu\/en\/amenities\/\" \/>\n<meta property=\"og:site_name\" content=\"Mini Studio\" \/>\n<meta property=\"article:publisher\" content=\"https:\/\/www.facebook.com\/mini.studio.apartment\/\" \/>\n<meta property=\"article:modified_time\" content=\"2025-04-14T14:25:28+00:00\" \/>\n<meta property=\"og:image\" content=\"https:\/\/www.mini-studio.eu\/wp-content\/uploads\/2024\/09\/galerija1-1.jpg\" \/>\n\t<meta property=\"og:image:width\" content=\"1500\" \/>\n\t<meta property=\"og:image:height\" content=\"1125\" \/>\n\t<meta property=\"og:image:type\" content=\"image\/jpeg\" \/>\n<meta name=\"twitter:card\" content=\"summary_large_image\" \/>\n<meta name=\"twitter:label1\" content=\"Estimated reading time\" \/>\n\t<meta name=\"twitter:data1\" content=\"3 minutes\" \/>\n<script type=\"application\/ld+json\" class=\"yoast-schema-graph\">{\"@context\":\"https:\\\/\\\/schema.org\",\"@graph\":[{\"@type\":\"WebPage\",\"@id\":\"https:\\\/\\\/www.mini-studio.eu\\\/amenities\\\/\",\"url\":\"https:\\\/\\\/www.mini-studio.eu\\\/amenities\\\/\",\"name\":\"Amenities - Mini Studio Apartment\",\"isPartOf\":{\"@id\":\"https:\\\/\\\/www.mini-studio.eu\\\/#website\"},\"datePublished\":\"2020-08-23T10:24:35+00:00\",\"dateModified\":\"2025-04-14T14:25:28+00:00\",\"description\":\"Mini Studio ima sve \u0161to vam treba - Potpuno je opremljen, sadr\u017ei malu kuhinjicu, kupaonicu, bra\u010dni krevet, TV, i sve \u0161to vam mo\u017ee zatrebati.\",\"breadcrumb\":{\"@id\":\"https:\\\/\\\/www.mini-studio.eu\\\/amenities\\\/#breadcrumb\"},\"inLanguage\":\"en-GB\",\"potentialAction\":[{\"@type\":\"ReadAction\",\"target\":[\"https:\\\/\\\/www.mini-studio.eu\\\/amenities\\\/\"]}]},{\"@type\":\"BreadcrumbList\",\"@id\":\"https:\\\/\\\/www.mini-studio.eu\\\/amenities\\\/#breadcrumb\",\"itemListElement\":[{\"@type\":\"ListItem\",\"position\":1,\"name\":\"Home\",\"item\":\"https:\\\/\\\/www.mini-studio.eu\\\/\"},{\"@type\":\"ListItem\",\"position\":2,\"name\":\"Pogodnosti\"}]},{\"@type\":\"WebSite\",\"@id\":\"https:\\\/\\\/www.mini-studio.eu\\\/#website\",\"url\":\"https:\\\/\\\/www.mini-studio.eu\\\/\",\"name\":\"Mini Studio Apartment\",\"description\":\"Your Mini Home\",\"publisher\":{\"@id\":\"https:\\\/\\\/www.mini-studio.eu\\\/#organization\"},\"alternateName\":\"Mini Studio\",\"potentialAction\":[{\"@type\":\"SearchAction\",\"target\":{\"@type\":\"EntryPoint\",\"urlTemplate\":\"https:\\\/\\\/www.mini-studio.eu\\\/?s={search_term_string}\"},\"query-input\":{\"@type\":\"PropertyValueSpecification\",\"valueRequired\":true,\"valueName\":\"search_term_string\"}}],\"inLanguage\":\"en-GB\"},{\"@type\":\"Organization\",\"@id\":\"https:\\\/\\\/www.mini-studio.eu\\\/#organization\",\"name\":\"Mini Studio\",\"url\":\"https:\\\/\\\/www.mini-studio.eu\\\/\",\"logo\":{\"@type\":\"ImageObject\",\"inLanguage\":\"en-GB\",\"@id\":\"https:\\\/\\\/www.mini-studio.eu\\\/#\\\/schema\\\/logo\\\/image\\\/\",\"url\":\"https:\\\/\\\/www.mini-studio.eu\\\/wp-content\\\/uploads\\\/2024\\\/09\\\/logo_mini-studio-removebg-preview-1.png\",\"contentUrl\":\"https:\\\/\\\/www.mini-studio.eu\\\/wp-content\\\/uploads\\\/2024\\\/09\\\/logo_mini-studio-removebg-preview-1.png\",\"width\":494,\"height\":154,\"caption\":\"Mini Studio\"},\"image\":{\"@id\":\"https:\\\/\\\/www.mini-studio.eu\\\/#\\\/schema\\\/logo\\\/image\\\/\"},\"sameAs\":[\"https:\\\/\\\/www.facebook.com\\\/mini.studio.apartment\\\/\"]}]}<\/script>\n<!-- \/ Yoast SEO plugin. -->","yoast_head_json":{"title":"Amenities - Mini Studio Apartment","description":"Mini Studio ima sve \u0161to vam treba - Potpuno je opremljen, sadr\u017ei malu kuhinjicu, kupaonicu, bra\u010dni krevet, TV, i sve \u0161to vam mo\u017ee zatrebati.","robots":{"index":"index","follow":"follow","max-snippet":"max-snippet:-1","max-image-preview":"max-image-preview:large","max-video-preview":"max-video-preview:-1"},"canonical":"https:\/\/www.mini-studio.eu\/en\/amenities\/","og_locale":"en_GB","og_type":"article","og_title":"Pogodnosti - Mini Studio Apartment","og_description":"Mini Studio ima sve \u0161to vam treba - Potpuno je opremljen, sadr\u017ei malu kuhinjicu, kupaonicu, bra\u010dni krevet, TV, i sve \u0161to vam mo\u017ee zatrebati.","og_url":"https:\/\/www.mini-studio.eu\/en\/amenities\/","og_site_name":"Mini Studio","article_publisher":"https:\/\/www.facebook.com\/mini.studio.apartment\/","article_modified_time":"2025-04-14T14:25:28+00:00","og_image":[{"width":1500,"height":1125,"url":"https:\/\/www.mini-studio.eu\/wp-content\/uploads\/2024\/09\/galerija1-1.jpg","type":"image\/jpeg"}],"twitter_card":"summary_large_image","twitter_misc":{"Estimated reading time":"3 minutes"},"schema":{"@context":"https:\/\/schema.org","@graph":[{"@type":"WebPage","@id":"https:\/\/www.mini-studio.eu\/amenities\/","url":"https:\/\/www.mini-studio.eu\/amenities\/","name":"Amenities - Mini Studio Apartment","isPartOf":{"@id":"https:\/\/www.mini-studio.eu\/#website"},"datePublished":"2020-08-23T10:24:35+00:00","dateModified":"2025-04-14T14:25:28+00:00","description":"Mini Studio ima sve \u0161to vam treba - Potpuno je opremljen, sadr\u017ei malu kuhinjicu, kupaonicu, bra\u010dni krevet, TV, i sve \u0161to vam mo\u017ee zatrebati.","breadcrumb":{"@id":"https:\/\/www.mini-studio.eu\/amenities\/#breadcrumb"},"inLanguage":"en-GB","potentialAction":[{"@type":"ReadAction","target":["https:\/\/www.mini-studio.eu\/amenities\/"]}]},{"@type":"BreadcrumbList","@id":"https:\/\/www.mini-studio.eu\/amenities\/#breadcrumb","itemListElement":[{"@type":"ListItem","position":1,"name":"Home","item":"https:\/\/www.mini-studio.eu\/"},{"@type":"ListItem","position":2,"name":"Pogodnosti"}]},{"@type":"WebSite","@id":"https:\/\/www.mini-studio.eu\/#website","url":"https:\/\/www.mini-studio.eu\/","name":"Mini Studio Apartment","description":"Your Mini Home","publisher":{"@id":"https:\/\/www.mini-studio.eu\/#organization"},"alternateName":"Mini Studio","potentialAction":[{"@type":"SearchAction","target":{"@type":"EntryPoint","urlTemplate":"https:\/\/www.mini-studio.eu\/?s={search_term_string}"},"query-input":{"@type":"PropertyValueSpecification","valueRequired":true,"valueName":"search_term_string"}}],"inLanguage":"en-GB"},{"@type":"Organization","@id":"https:\/\/www.mini-studio.eu\/#organization","name":"Mini Studio","url":"https:\/\/www.mini-studio.eu\/","logo":{"@type":"ImageObject","inLanguage":"en-GB","@id":"https:\/\/www.mini-studio.eu\/#\/schema\/logo\/image\/","url":"https:\/\/www.mini-studio.eu\/wp-content\/uploads\/2024\/09\/logo_mini-studio-removebg-preview-1.png","contentUrl":"https:\/\/www.mini-studio.eu\/wp-content\/uploads\/2024\/09\/logo_mini-studio-removebg-preview-1.png","width":494,"height":154,"caption":"Mini Studio"},"image":{"@id":"https:\/\/www.mini-studio.eu\/#\/schema\/logo\/image\/"},"sameAs":["https:\/\/www.facebook.com\/mini.studio.apartment\/"]}]}},"jetpack_sharing_enabled":true,"_links":{"self":[{"href":"https:\/\/www.mini-studio.eu\/en\/wp-json\/wp\/v2\/pages\/69","targetHints":{"allow":["GET"]}}],"collection":[{"href":"https:\/\/www.mini-studio.eu\/en\/wp-json\/wp\/v2\/pages"}],"about":[{"href":"https:\/\/www.mini-studio.eu\/en\/wp-json\/wp\/v2\/types\/page"}],"author":[{"embeddable":true,"href":"https:\/\/www.mini-studio.eu\/en\/wp-json\/wp\/v2\/users\/1"}],"replies":[{"embeddable":true,"href":"https:\/\/www.mini-studio.eu\/en\/wp-json\/wp\/v2\/comments?post=69"}],"version-history":[{"count":51,"href":"https:\/\/www.mini-studio.eu\/en\/wp-json\/wp\/v2\/pages\/69\/revisions"}],"predecessor-version":[{"id":2092,"href":"https:\/\/www.mini-studio.eu\/en\/wp-json\/wp\/v2\/pages\/69\/revisions\/2092"}],"wp:attachment":[{"href":"https:\/\/www.mini-studio.eu\/en\/wp-json\/wp\/v2\/media?parent=69"}],"curies":[{"name":"wp","href":"https:\/\/api.w.org\/{rel}","templated":true}]}}