{"id":757,"date":"2021-04-19T12:57:46","date_gmt":"2021-04-19T10:57:46","guid":{"rendered":"http:\/\/granvista.holiday\/?page_id=757"},"modified":"2025-01-03T17:49:15","modified_gmt":"2025-01-03T16:49:15","slug":"uvjeti-poslovanja","status":"publish","type":"page","link":"https:\/\/www.mini-studio.eu\/hu\/uvjeti-poslovanja\/","title":{"rendered":"\u00dczleti felt\u00e9telek"},"content":{"rendered":"<div class=\"\" style=\"\" >\n    \n    <section class=\"u-clearfix u-section-2\" id=\"sec-f759\">\n      <div class=\"u-clearfix u-sheet u-sheet-1\">\n        <h1 class=\"u-align-center u-custom-font u-font-montserrat u-text u-text-custom-color-9 u-title u-text-1\">\u00dczleti felt\u00e9telek<\/h1>\n        <p class=\"u-align-left u-custom-font u-font-montserrat u-text u-text-2\">\n          <span style=\"font-weight: 700;\">Predmet ugovora<\/span>\n          <br>Predmet ovog ugovora je ure\u0111enje me\u0111usobnih odnosa izme\u0111u tvrtke Ronis d.o.o., Josipa Kozarca 1\/a, 40000 \u010dakovec, kao voditelja poslovanja sobe \/ apartmana Mini Studio na adresi Josipa Kozarca 1A, \u010cakovec, e-mail ministudio@ronis.hr (u daljnjem tekstu Mini Studio) u svoje ime i za ra\u010dun vlasnika smje\u0161tajne jedinice s jedne, i korisnika smje\u0161taja (u nastavku gost) s druge strane, prilikom izvr\u0161enja rezervacije smje\u0161taja u ponudi web stranice https:\/\/www.mini-studio.eu\/. <br>\n          <br>\n          <span style=\"font-weight: 700;\">Rezervacija i zaklju\u010denje ugovora<\/span>\n          <br>Ugovor izme\u0111u gosta i Mini Studija stupa na snagu gostovom obvezuju\u0107om rezervacijom (usmenim, pismenim ili elektronskim putem). Od tog trenutka nadalje, prava i obveze ugovornih strana regulirane su ovim op\u0107im uvjetima poslovanja i primjenjuju se na gosta i \u200bMini Studio. Potvrda rezervacije biti \u0107e gostu odmah dostavljena u elektroni\u010dkom obliku. U slu\u010daju da se potvrda rezervacije razlikuje od tra\u017eene rezervacije, uplatom zaprimljene rezervacije gost potvr\u0111uje pristanak na uvjete navedene u potvrdi iste. \u200bMini Studio mo\u017ee, bez obveze, prihvatiti bilo kakav poseban zahtjev odnosno molbu, no ista za \u200bMini Studio nije pravno obvezuju\u0107a te \u0107e takav zahtjev biti ispunjen isklju\u010divo ukoliko je \u200bMini Studio za istu izdala pismenu potvrdu. U slu\u010daju da uplate aran\u017emana nisu izvr\u0161ene u skladu s odredbama \u010dlanka 3.2, rezervacija mo\u017ee biti poni\u0161tena, bez obveza \u200bMini Studija prema gostu. <br>\n          <br>\n          <br>\n          <span style=\"font-weight: 700;\">Cijene i uvjeti pla\u0107anja <\/span>\n          <br>\n          <br>\n          <span style=\"font-weight: 700;\">Cijena smje\u0161taja<\/span>\n          <br>Cijene objavljene na internet stranici https:\/\/www.mini-studio.eu\/ i dobivene preko formulara na upit odnose se na period koji je zatra\u017een u formularu, objavljene cijene va\u017ee\u0107e su od trenutka a\u017euriranja podataka na internet stranici. Primjenjuje se cijena koja je va\u017ee\u0107a u trenutku rezervacije. Cijene smje\u0161taja (u slu\u010daju da u opisu nije druga\u010dije navedeno) uklju\u010duju: uobi\u010dajenu potro\u0161nju elektri\u010dne energije, grijanje u zimskom i klimatizaciju u ljetnom periodu, potro\u0161nju vode, potro\u0161nju plina (ukoliko raspolo\u017eivo), zavr\u0161no \u010di\u0161\u0107enje, posteljinu, kupaonske ru\u010dnike i boravi\u0161nu pristojbu. <br>\n          <br>\n          <span style=\"font-weight: 700;\">Pla\u0107anje<\/span>\n          <br> Mini Studio si zadr\u017eava pravo da mo\u017ee od gosta kao garanciju pla\u0107anja zatra\u017eiti valjani broj kreditne kartice ili pla\u0107anje unaprijed. U slu\u010daju ne pridr\u017eavanja rokova pla\u0107anja, rezervacija mo\u017ee biti poni\u0161tena. <br>\n          <br>\n          <span style=\"font-weight: 700;\">Otkaz rezervacije<\/span>\n          <br>Ukoliko gost otka\u017ee rezervaciju, biti \u0107e mu zara\u010dunati sljede\u0107i tro\u0161kovi otkaza: <br>Otkazivanje rezervacije javljeno 5 ili vi\u0161e dana prije dolaska: bez naknade <br>Otkazivanje rezervacije javljeno 4 ili manje dana prije dolaska: napla\u0107uje se 100% ukupnog iznosa rezervacije <br>Za datum otkaza smatra se datum kada je primljena obavijest o otkazivanju rezervacije (ukoliko je to nedjelja ili praznik, to \u0107e biti sljede\u0107i radni dan). U slu\u010daju nedolaska ili nenajavljenog kasnijeg dolaska, \u200bMini Studio zadr\u017eava ukupan iznos. <br>\n          <br>\n          <span style=\"font-weight: 700;\">Promjena cijene<\/span>\n          <br>Prilikom odabira na\u0161ih objekata posebna pa\u017enja posve\u0107uje se opisu usluga i izra\u010dunu cijena. Me\u0111utim, unato\u010d tome nismo u mogu\u0107nosti isklju\u010diti mogu\u0107nost promjene usluga i cijena. U slu\u010daju takve promjene gost \u0107e biti obavije\u0161ten u trenutku izvr\u0161enja rezervacije ili najkasnije u trenutku potvrde rezervacije. Stavke na potvrdi rezervacije su kona\u010dne. Malo je vjerojatno da \u0107e se nakon potvrde rezervacije dogoditi promjena, no niti takvu mogu\u0107nost ne mo\u017eemo u potpunosti isklju\u010diti. Ukoliko ipak do\u0111e do zna\u010dajnijih promjena, gost ima pravo odustati od ugovorene rezervacije bez naknade, i to unutar 7 dana od dana primitka obavijesti. Ve\u0107 izvr\u0161ena pla\u0107anja biti \u0107e refundirana. \u200bMini Studio zadr\u017eava pravo korekcije cijena do 22 dana prije polaska, uslijed pove\u0107anja ili uvo\u0111enja pristojbi ili poreza na neke usluge, ili zna\u010dajnije promjene te\u010daja nakon zaklju\u010denja rezervacije. Gost ima pravo u slu\u010daju promjene cijene ve\u0107e od 10% odustati od ugovorene rezervacije pod istim uvjetima kao i u prethodnom stavku. <br>\n          <br>\n          <span style=\"font-weight: 700;\">Maksimalan broj osoba<\/span>\n          <br>U smje\u0161tajne jedinice iz na\u0161e ponude dozvoljeno je smjestiti najvi\u0161e 2 osobe. <br>\n          <br>\n          <span style=\"font-weight: 700;\">Ku\u0107ni ljubimci, kukci i alergije<\/span>\n          <br>Unato\u010d temeljitom \u010di\u0161\u0107enju i odr\u017eavanju na\u0161ih objekata, ponekad \u0107e se desiti da se u ku\u0107i prona\u0111e koji kukac ili mi\u0161 koji se tu uvukao iz svojeg prirodnog stani\u0161ta u kojem je ku\u0107a smje\u0161tena.\u200b Mini Studio se za navedeno ne mo\u017ee smatrati odgovornom. Ku\u0107ni ljubimci su dozvoljeni samo uz prethodnu najavu (manje i \u010diste pasmine). \u200bMini Studio ne preuzima nikakvu odgovornost za alergijske reakcije gosta u pojedina\u010dnim objektima. <br>\n          <br>\n          <span style=\"font-weight: 700;\">Ure\u0111aji i opremljenost<\/span>\n          <br>Gostima su na raspolaganju brojni ure\u0111aji poput perilice rublja, perilice su\u0111a, fri\u017eideri, mikrovalne pe\u0107nice, dvd playeri, tv, satelitski prijamnici, telefon, internet priklju\u010dak. Ovim ure\u0111ajima gosti mogu slobodno raspolagati, no \u200bMini Studio ne snosi nikakvu odgovornost ukoliko se jedan takav ure\u0111aj tijekom boravka nepredvi\u0111eno pokvari i prestane funkcionirati. To isto vrijedi i za sanitarne ure\u0111aje i instalacije. <br>\n          <br>\n          <span style=\"font-weight: 700;\">Vrijeme dolaska i odlaska; skra\u0107enje ili produ\u017eenje boravka<\/span>\n          <br>Dolazak je mogu\u0107 poslije 15 sati na dan po\u010detka rezervacija, dok je vrijeme odlaska do 11:00 sati. Ukoliko gost po\u017eeli produ\u017eiti svoj boravak ili do\u0107i ranije, rado \u0107emo to omogu\u0107iti sa ili bez naplate, ako je mogu\u0107e s obzirom na druge rezervacije. <br>\n          <br>\n          <span style=\"font-weight: 700;\">Osiguranje zamjenskog smje\u0161taja i otkaz rezervacije od strane Mini Studija<\/span>\n          <br>U iznimnim slu\u010dajevima uslijed nepredvidivih ili neizbje\u017enih okolnosti, \u200bMini Studio mo\u017ee gostu dodijeliti odgovaraju\u0107i zamjenski smje\u0161taj jednake vrijednosti i kvalitete. \u200bMini Studio je ovla\u0161tena otkazati rezervaciju prije ili tijekom perioda kori\u0161tenja smje\u0161taja, u slu\u010daju da do\u0111e do nepredvidivih ili neizbje\u017enih okolnosti koje onemogu\u0107avaju kori\u0161tenje smje\u0161taja, ugro\u017eavaju gosta ili smje\u0161tajni objekt, ili pak umanjuju kvalitetu usluge do razine kada postaje nerazumno pru\u017eiti ugovorene usluge. U tom slu\u010daju gostu \u0107e biti refundirana iznos ve\u0107 izvr\u0161enih pla\u0107anja, umanjen za ve\u0107 kori\u0161tene usluge. Niti u jednom od slu\u010dajeva navedenih u ovom \u010dlanku \u200bMini Studio nije du\u017ean gostu platiti kompenzaciju. <br>\n          <br>\n          <span style=\"font-weight: 700;\">Ostale obaveze gosta<\/span>\n          <br>Tijekom svog boravka du\u017enost je gosta da se imovinom i opremom vlasnika objekta koristi sa du\u017enom pa\u017enjom. Osim toga, svoje je pona\u0161anje du\u017ean prilagoditi na na\u010din da ne uznemirava druge goste, susjede i doma\u0107ina. U slu\u010daju da gost i nakon upozorenja svoje pona\u0161anje ne uskladi s normama ku\u0107nog reda, gubi pravo na rezervirani smje\u0161taj te je obavezan isti napustiti bez naknade. Eventualne \u0161tete i nedostatke koje gosti prouzro\u010de ili ustanove, trebaju se odmah prijaviti osobi odgovornoj za klju\u010deve\/djelatniku Mini Studija. Na taj na\u010din \u0107e \u0161tete i manjkavosti biti odmah uklonjeni, ne umanjuju\u0107i pri tome kvalitetu boravka. Gost je odgovoran za gubitak odnosno \u0161tetu koju je prouzro\u010dio isklju\u010divo u slu\u010daju kada ne mo\u017ee dokazati da za to nije odgovoran. Isto vrijedi ako se smje\u0161tajna jedinica, zbog o\u0161te\u0107enja, prljav\u0161tine ili nedostataka opreme ne mo\u017ee predati na kori\u0161tenje sljede\u0107em gostu. Gubitak odnosno \u0161tetu \u0107e vlasnik objekta naplatiti od gosta na licu mjesta. <br>\n          <br>\n          <span style=\"font-weight: 700;\">Reklamacije, zahtjevi za od\u0161tetom<\/span>\n          <br>Obaveza je gosta da savjesno rukuje smje\u0161tajnom jedinicom i njezinim inventarom. Gost mora smje\u0161tajnu jedinicu po svom odlasku vratiti u jednakom stanju kakva je ista bila prilikom njezinog preuzimanja. U slu\u010daju da stanje u smje\u0161tajnoj jedinici nije u skladu s rezerviranim, gost je du\u017ean odmah obavijestiti osobu odgovornu za klju\u010deve. U slu\u010daju da nepravilnosti koje su bile vidljive nisu prijavljene odmah po dolasku, smatrati \u0107e se da je jedinica predana na kori\u0161tenje u potpuno ispravnom stanju. Ukoliko se nepravilnosti pojave tijekom boravka, du\u017enost je gosta postupiti na isti na\u010din. U slu\u010daju da vlasnik ili osoba odgovorna za klju\u010deve nije u mogu\u0107nosti otkloniti nedostatak u razumnom roku, du\u017enost je gosta da obavijesti svog agenta ili djelatnika Mini Studija. Ukoliko gost samoinicijativno napusti objekt ili prona\u0111e drugi smje\u0161taj ne daju\u0107i \u200bMini Studiju priliku da rije\u0161i uzrok njegovog nezadovoljstva, odnosno da mu ponudi odgovaraju\u0107i zamjenski smje\u0161taj, gost gubi pravo na od\u0161tetu bez obzira da li su razlozi njegovog odlaska bili opravdani ili ne. Osoba odgovorna za klju\u010deve i putni\u010dki agent nisu ovla\u0161teni za odobravanje zahtjeva za od\u0161tetom. Zahtjev za od\u0161tetom mora biti podnesen \u200bMini Studiju ili putni\u010dkom agentu u pismenom obliku na e-mail adresu ministudio@ronis.hr unutar 2 tjedna od zavr\u0161etka kori\u0161tenja smje\u0161taja, uz prilo\u017eene dokaze (fotografije, potvrde od strane osobe odgovorne za klju\u010deve\/lokalnog agenta, izjave svjedoka i sl.). Prigovori ulo\u017eeni nakon proteka roka od 2 tjedna ne\u0107e se uzeti u razmatranje. Nagla\u0161avamo da je u interesu gosta da nastupa u dobroj namjeri i iska\u017ee volju za rje\u0161avanjem prigovora tijekom svog boravka te svoj pismeni prigovor uputi vlasniku objekta na licu mjesta, te od istog zatra\u017ei pismenu potvrdu da je zaprimio prigovor. Ukoliko gost ne ispuni gore navedene uvjete, gubi sva prava na od\u0161tetu. \u200bMini Studio je du\u017ena donijeti pismeno rje\u0161enje na prigovor u roku od 21 dana po primitku prigovora i to na na\u010din na koji je prigovor zaprimljeni (e-mailom, po\u0161tom ili osobnom dostavom na koju \u0107e biti odgovoreno pismenom po\u0161iljkom s povratnicom). Ako je potrebno radi prikupljanja informacija i provjere navoda iz prigovora, \u200bMini Studio mo\u017ee odgoditi rok dono\u0161enja rje\u0161enja za jo\u0161 14 dana, o \u010demu je du\u017ena, u pismenom obliku, obavijestiti gosta podnositelja prigovora. \u200bMini Studio \u0107e rje\u0161avati samo one prigovore za koje gost dostavi dokaz da je uputio pismeni prigovor davatelju usluge na licu mjesta i da se uzrok nije mogao otkloniti na licu mjesta. Dok \u200bMini Studio ne donese rje\u0161enje, gost se odri\u010de posredovanja bilo koje druge osobe, sudske ustanove ili davanja informacija u medije. <br>\n          <br>\n          <span style=\"font-weight: 700;\">Obaveze Mini Studija<\/span>\n          <br> Mini Studio se obavezuje u svoje, odnosno u ime osobe odgovorne zaovjekt, u rezerviranom periodu, staviti gostu na raspolaganje urednu i \u010distu smje\u0161tajnu jedinicu opremljenu u skladu s opisom. U slu\u010daju da smje\u0161tajna jedinica ne odgovara opisu na rezervaciji, \u200bMini Studio \u0107e u\u010diniti sve da uo\u010dene nedostatke otkloni, odnosno gostu osigura odgovaraju\u0107i zamjenski smje\u0161taj jednake vrijednosti. U slu\u010daju da to nije mogu\u0107e, nije ostvareno u razumnom roku ili ako gost odbije prihvatiti ponu\u0111eni alternativni smje\u0161taj, \u200bMini Studio \u0107e gostu nadoknaditi svaki oblik umanjenja vrijednosti, ukoliko se neosporno utvrdi da je za to odgovorna. U slu\u010daju da gost, uslijed nemarnosti \u200bMini Studija koja ima za posljedicu povredu ugovora pretrpi gubitak ili \u0161tetu, \u200bMini Studio prihva\u0107a odgovornost za uzrokovanu \u0161tetu. Zakonska odgovornost \u200bMini Studija ograni\u010dena je na visinu ukupne cijene smje\u0161taja (prilikom \u010dega se potra\u017eivanje svih uklju\u010denih osoba ispla\u0107uje zajedno) te ne uklju\u010duje osobne \u0161tete i gubitke kao npr. Materijalne i nov\u010dane gubitke. \u200bMini Studio se ne\u0107e smatrati odgovornim u slu\u010daju da se gubitak ili \u0161teta mogu pripisati sljede\u0107im uzrocima: <br>\u2013 postupcima ili propustima od strane gosta ili njegovih suputnika; <br>\u2013 nepredvidivim ili neizbje\u017enim propustima tre\u0107e osobe koja nije uklju\u010dena u pru\u017eanje usluga navedenih u rezervaciji; <br>\u2013 vi\u0161oj sili ili doga\u0111ajima koje \u200bMini Studio, putni\u010dki agent ili osoba odgovorna za klju\u010deve, unato\u010d valjanoj brizi, nisu mogli predvidjeti ili izbje\u0107i; <br>\u2013 kori\u0161tenju bazena, dje\u010djih igrali\u0161ta, sportskih sadr\u017eaja svih vrsta (npr. Tenis ili nogometno igrali\u0161te, fitness centri i sl.). Kori\u0161tenje tih i takvih sadr\u017eaja je isklju\u010divo na vlastitu odgovornost gosta; <br>\u2013 \u0161teti i gubitku uslijed provale. <br>Gore navedeni uvjeti odnose se podjednako i na van ugovorne obveze. \u200bMini Studio izri\u010dito isklju\u010duje odgovornost za postupke pomo\u0107no osoblje. <br>\n          <br>\n          <span style=\"font-weight: 700;\">Putne isprave<\/span>\n          <br>Prilikom putovanja u republiku hrvatsku, du\u017enost je gosta posjedovanje valjane osobne putne isprave (ovisno o zemlji porijekla gosta osobne iskaznice ili putovnice) kako za njega samoga, tako i za sve korisnike smje\u0161taja. Osim toga, du\u017enost je gosta provjeriti da li je za njegov ulazak u republiku hrvatsku ili za dr\u017eave na proputovanju potrebna viza, pravovremeno je ishodovati, te po\u0161tivati carinske i devizne propise republike hrvatske i dr\u017eava na proputovanju. <br>\n          <br>\n          <span style=\"font-weight: 700;\">Za\u0161tita osobnih podataka<\/span>\n          <br>Gost osobne podatke (ime i prezime, adresu prebivali\u0161ta, broj telefona i e-mail adresu) daje dobrovoljno. Osobni podaci gosta potrebni su u procesu realizacije tra\u017eene usluge i koristit \u0107e se za daljnju me\u0111usobnu komunikaciju (npr. Informativna ponuda, obvezuju\u0107a ponuda\/rezervacija, upute o uplati, obavijesti o zaprimljenoj uplati i obavijest o dostavi putnih dokumenata). <br>\n          <br> Mini Studio se obvezuje da ne\u0107e osobne podatke gosta iznijeti iz zemlje ili ih dati tre\u0107oj osobi, osim partnerima koji sudjeluju u realizaciji ugovorene usluge (pru\u017eatelj usluge smje\u0161taja). <br>\n          <br>Osobni podaci gosta \u010duvat \u0107e se u bazi podataka, sukladno odluci uprave \u200bMini Studija o na\u010dinu prikupljanja, obrade i \u010duvanja osobnih podataka. <br>\n          <br>Prigovor na obradu osobnih podataka u marketin\u0161ke svrhe ne\u0107e utjecati na ugovaranje i\/ili realizaciju tra\u017eene usluge. <br>\n          <br>\n          <span style=\"font-weight: 700;\">Nadle\u017enost suda<\/span>\n          <br>Stranke se obavezuju da \u0107e mogu\u0107e sporove nastojati rje\u0161avati sporazumno a ukoliko to ne bude bilo mogu\u0107e, u slu\u010daju pravnog spora nadle\u017ean je sud u \u010cakovcu i primjenjuje se pravo Republike Hrvatske.<br>\n          <br>\n          <span style=\"font-weight: 700;\">Ostali podaci o tvrtci<\/span>\n          <br>RONIS d.o.o., Josipa Kozarca 1A, 40000 \u010cakovec, Hrvatska, upisan u Sudski registar Trgova\u010dkog suda u Vara\u017edinu pod brojem MBS: 070029901, OIB: 21720748086. Temeljni kapital dru\u0161tva iznosi 2.654,46 EUR i upla\u0107en je u cijelosti. \u010clan uprave: Ronald Pintari\u0107. IBAN: HR6023600001101902121, Zagreba\u010dka banka d.d., Trg bana Josipa Jela\u010di\u0107a 10, 10000 Zagreb, SWIFT\/BIC: ZABAHR2X. Tvrtka nema izdanih dionica.\n        <\/p>\n      <\/div>\n    <\/section>\n    \n    \n    \n    \n  \n<\/div>","protected":false},"excerpt":{"rendered":"<p>Uvjeti poslovanja Predmet ugovora Predmet ovog ugovora je ure\u0111enje me\u0111usobnih odnosa izme\u0111u tvrtke Ronis d.o.o., Josipa Kozarca 1\/a, 40000 \u010dakovec, kao voditelja poslovanja sobe \/ apartmana Mini Studio na adresi Josipa Kozarca 1A, \u010cakovec, e-mail ministudio@ronis.hr (u daljnjem tekstu Mini Studio) u svoje ime i za ra\u010dun vlasnika smje\u0161tajne jedinice s jedne, i korisnika smje\u0161taja [&hellip;]<\/p>\n","protected":false},"author":1,"featured_media":0,"parent":0,"menu_order":0,"comment_status":"closed","ping_status":"closed","template":"","meta":{"footnotes":""},"class_list":["post-757","page","type-page","status-publish","hentry"],"yoast_head":"<!-- This site is optimized with the Yoast SEO plugin v27.5 - https:\/\/yoast.com\/product\/yoast-seo-wordpress\/ -->\n<title>Uvjeti poslovanja - Mini Studio<\/title>\n<meta name=\"robots\" content=\"index, follow, max-snippet:-1, max-image-preview:large, max-video-preview:-1\" \/>\n<link rel=\"canonical\" href=\"https:\/\/www.mini-studio.eu\/hu\/uvjeti-poslovanja\/\" \/>\n<meta property=\"og:locale\" content=\"hu_HU\" \/>\n<meta property=\"og:type\" content=\"article\" \/>\n<meta property=\"og:title\" content=\"Uvjeti poslovanja - Mini Studio\" \/>\n<meta property=\"og:description\" content=\"Uvjeti poslovanja Predmet ugovora Predmet ovog ugovora je ure\u0111enje me\u0111usobnih odnosa izme\u0111u tvrtke Ronis d.o.o., Josipa Kozarca 1\/a, 40000 \u010dakovec, kao voditelja poslovanja sobe \/ apartmana Mini Studio na adresi Josipa Kozarca 1A, \u010cakovec, e-mail ministudio@ronis.hr (u daljnjem tekstu Mini Studio) u svoje ime i za ra\u010dun vlasnika smje\u0161tajne jedinice s jedne, i korisnika smje\u0161taja [&hellip;]\" \/>\n<meta property=\"og:url\" content=\"https:\/\/www.mini-studio.eu\/hu\/uvjeti-poslovanja\/\" \/>\n<meta property=\"og:site_name\" content=\"Mini Studio\" \/>\n<meta property=\"article:publisher\" content=\"https:\/\/www.facebook.com\/mini.studio.apartment\/\" \/>\n<meta property=\"article:modified_time\" content=\"2025-01-03T16:49:15+00:00\" \/>\n<meta property=\"og:image\" content=\"https:\/\/www.mini-studio.eu\/wp-content\/uploads\/2024\/09\/cropped-mini_studio_logo-removebg-preview-2.png\" \/>\n\t<meta property=\"og:image:width\" content=\"512\" \/>\n\t<meta property=\"og:image:height\" content=\"512\" \/>\n\t<meta property=\"og:image:type\" content=\"image\/png\" \/>\n<meta name=\"twitter:card\" content=\"summary_large_image\" \/>\n<meta name=\"twitter:label1\" content=\"Becs\u00fclt olvas\u00e1si id\u0151\" \/>\n\t<meta name=\"twitter:data1\" content=\"10 perc\" \/>\n<script type=\"application\/ld+json\" class=\"yoast-schema-graph\">{\"@context\":\"https:\\\/\\\/schema.org\",\"@graph\":[{\"@type\":\"WebPage\",\"@id\":\"https:\\\/\\\/www.mini-studio.eu\\\/uvjeti-poslovanja\\\/\",\"url\":\"https:\\\/\\\/www.mini-studio.eu\\\/uvjeti-poslovanja\\\/\",\"name\":\"Uvjeti poslovanja - Mini Studio\",\"isPartOf\":{\"@id\":\"https:\\\/\\\/www.mini-studio.eu\\\/#website\"},\"datePublished\":\"2021-04-19T10:57:46+00:00\",\"dateModified\":\"2025-01-03T16:49:15+00:00\",\"breadcrumb\":{\"@id\":\"https:\\\/\\\/www.mini-studio.eu\\\/uvjeti-poslovanja\\\/#breadcrumb\"},\"inLanguage\":\"hu\",\"potentialAction\":[{\"@type\":\"ReadAction\",\"target\":[\"https:\\\/\\\/www.mini-studio.eu\\\/uvjeti-poslovanja\\\/\"]}]},{\"@type\":\"BreadcrumbList\",\"@id\":\"https:\\\/\\\/www.mini-studio.eu\\\/uvjeti-poslovanja\\\/#breadcrumb\",\"itemListElement\":[{\"@type\":\"ListItem\",\"position\":1,\"name\":\"Home\",\"item\":\"https:\\\/\\\/www.mini-studio.eu\\\/\"},{\"@type\":\"ListItem\",\"position\":2,\"name\":\"Uvjeti poslovanja\"}]},{\"@type\":\"WebSite\",\"@id\":\"https:\\\/\\\/www.mini-studio.eu\\\/#website\",\"url\":\"https:\\\/\\\/www.mini-studio.eu\\\/\",\"name\":\"Mini Studio Apartment\",\"description\":\"Your Mini Home\",\"publisher\":{\"@id\":\"https:\\\/\\\/www.mini-studio.eu\\\/#organization\"},\"alternateName\":\"Mini Studio\",\"potentialAction\":[{\"@type\":\"SearchAction\",\"target\":{\"@type\":\"EntryPoint\",\"urlTemplate\":\"https:\\\/\\\/www.mini-studio.eu\\\/?s={search_term_string}\"},\"query-input\":{\"@type\":\"PropertyValueSpecification\",\"valueRequired\":true,\"valueName\":\"search_term_string\"}}],\"inLanguage\":\"hu\"},{\"@type\":\"Organization\",\"@id\":\"https:\\\/\\\/www.mini-studio.eu\\\/#organization\",\"name\":\"Mini Studio\",\"url\":\"https:\\\/\\\/www.mini-studio.eu\\\/\",\"logo\":{\"@type\":\"ImageObject\",\"inLanguage\":\"hu\",\"@id\":\"https:\\\/\\\/www.mini-studio.eu\\\/#\\\/schema\\\/logo\\\/image\\\/\",\"url\":\"https:\\\/\\\/www.mini-studio.eu\\\/wp-content\\\/uploads\\\/2024\\\/09\\\/logo_mini-studio-removebg-preview-1.png\",\"contentUrl\":\"https:\\\/\\\/www.mini-studio.eu\\\/wp-content\\\/uploads\\\/2024\\\/09\\\/logo_mini-studio-removebg-preview-1.png\",\"width\":494,\"height\":154,\"caption\":\"Mini Studio\"},\"image\":{\"@id\":\"https:\\\/\\\/www.mini-studio.eu\\\/#\\\/schema\\\/logo\\\/image\\\/\"},\"sameAs\":[\"https:\\\/\\\/www.facebook.com\\\/mini.studio.apartment\\\/\"]}]}<\/script>\n<!-- \/ Yoast SEO plugin. -->","yoast_head_json":{"title":"Uvjeti poslovanja - Mini Studio","robots":{"index":"index","follow":"follow","max-snippet":"max-snippet:-1","max-image-preview":"max-image-preview:large","max-video-preview":"max-video-preview:-1"},"canonical":"https:\/\/www.mini-studio.eu\/hu\/uvjeti-poslovanja\/","og_locale":"hu_HU","og_type":"article","og_title":"Uvjeti poslovanja - Mini Studio","og_description":"Uvjeti poslovanja Predmet ugovora Predmet ovog ugovora je ure\u0111enje me\u0111usobnih odnosa izme\u0111u tvrtke Ronis d.o.o., Josipa Kozarca 1\/a, 40000 \u010dakovec, kao voditelja poslovanja sobe \/ apartmana Mini Studio na adresi Josipa Kozarca 1A, \u010cakovec, e-mail ministudio@ronis.hr (u daljnjem tekstu Mini Studio) u svoje ime i za ra\u010dun vlasnika smje\u0161tajne jedinice s jedne, i korisnika smje\u0161taja [&hellip;]","og_url":"https:\/\/www.mini-studio.eu\/hu\/uvjeti-poslovanja\/","og_site_name":"Mini Studio","article_publisher":"https:\/\/www.facebook.com\/mini.studio.apartment\/","article_modified_time":"2025-01-03T16:49:15+00:00","og_image":[{"width":512,"height":512,"url":"https:\/\/www.mini-studio.eu\/wp-content\/uploads\/2024\/09\/cropped-mini_studio_logo-removebg-preview-2.png","type":"image\/png"}],"twitter_card":"summary_large_image","twitter_misc":{"Becs\u00fclt olvas\u00e1si id\u0151":"10 perc"},"schema":{"@context":"https:\/\/schema.org","@graph":[{"@type":"WebPage","@id":"https:\/\/www.mini-studio.eu\/uvjeti-poslovanja\/","url":"https:\/\/www.mini-studio.eu\/uvjeti-poslovanja\/","name":"Uvjeti poslovanja - Mini Studio","isPartOf":{"@id":"https:\/\/www.mini-studio.eu\/#website"},"datePublished":"2021-04-19T10:57:46+00:00","dateModified":"2025-01-03T16:49:15+00:00","breadcrumb":{"@id":"https:\/\/www.mini-studio.eu\/uvjeti-poslovanja\/#breadcrumb"},"inLanguage":"hu","potentialAction":[{"@type":"ReadAction","target":["https:\/\/www.mini-studio.eu\/uvjeti-poslovanja\/"]}]},{"@type":"BreadcrumbList","@id":"https:\/\/www.mini-studio.eu\/uvjeti-poslovanja\/#breadcrumb","itemListElement":[{"@type":"ListItem","position":1,"name":"Home","item":"https:\/\/www.mini-studio.eu\/"},{"@type":"ListItem","position":2,"name":"Uvjeti poslovanja"}]},{"@type":"WebSite","@id":"https:\/\/www.mini-studio.eu\/#website","url":"https:\/\/www.mini-studio.eu\/","name":"Mini Studio Apartment","description":"Your Mini Home","publisher":{"@id":"https:\/\/www.mini-studio.eu\/#organization"},"alternateName":"Mini Studio","potentialAction":[{"@type":"SearchAction","target":{"@type":"EntryPoint","urlTemplate":"https:\/\/www.mini-studio.eu\/?s={search_term_string}"},"query-input":{"@type":"PropertyValueSpecification","valueRequired":true,"valueName":"search_term_string"}}],"inLanguage":"hu"},{"@type":"Organization","@id":"https:\/\/www.mini-studio.eu\/#organization","name":"Mini Studio","url":"https:\/\/www.mini-studio.eu\/","logo":{"@type":"ImageObject","inLanguage":"hu","@id":"https:\/\/www.mini-studio.eu\/#\/schema\/logo\/image\/","url":"https:\/\/www.mini-studio.eu\/wp-content\/uploads\/2024\/09\/logo_mini-studio-removebg-preview-1.png","contentUrl":"https:\/\/www.mini-studio.eu\/wp-content\/uploads\/2024\/09\/logo_mini-studio-removebg-preview-1.png","width":494,"height":154,"caption":"Mini Studio"},"image":{"@id":"https:\/\/www.mini-studio.eu\/#\/schema\/logo\/image\/"},"sameAs":["https:\/\/www.facebook.com\/mini.studio.apartment\/"]}]}},"jetpack_sharing_enabled":true,"_links":{"self":[{"href":"https:\/\/www.mini-studio.eu\/hu\/wp-json\/wp\/v2\/pages\/757","targetHints":{"allow":["GET"]}}],"collection":[{"href":"https:\/\/www.mini-studio.eu\/hu\/wp-json\/wp\/v2\/pages"}],"about":[{"href":"https:\/\/www.mini-studio.eu\/hu\/wp-json\/wp\/v2\/types\/page"}],"author":[{"embeddable":true,"href":"https:\/\/www.mini-studio.eu\/hu\/wp-json\/wp\/v2\/users\/1"}],"replies":[{"embeddable":true,"href":"https:\/\/www.mini-studio.eu\/hu\/wp-json\/wp\/v2\/comments?post=757"}],"version-history":[{"count":12,"href":"https:\/\/www.mini-studio.eu\/hu\/wp-json\/wp\/v2\/pages\/757\/revisions"}],"predecessor-version":[{"id":1967,"href":"https:\/\/www.mini-studio.eu\/hu\/wp-json\/wp\/v2\/pages\/757\/revisions\/1967"}],"wp:attachment":[{"href":"https:\/\/www.mini-studio.eu\/hu\/wp-json\/wp\/v2\/media?parent=757"}],"curies":[{"name":"wp","href":"https:\/\/api.w.org\/{rel}","templated":true}]}}