{"id":69,"date":"2020-08-23T10:24:35","date_gmt":"2020-08-23T10:24:35","guid":{"rendered":"http:\/\/granvista.holiday\/sto-nudimo\/"},"modified":"2025-04-14T16:25:28","modified_gmt":"2025-04-14T14:25:28","slug":"amenities","status":"publish","type":"page","link":"https:\/\/www.mini-studio.eu\/pl\/amenities\/","title":{"rendered":"Udogodnienia"},"content":{"rendered":"<div class=\"\" style=\"\" >\n    \n    <section class=\"skrollable u-align-center u-clearfix u-container-align-center u-image u-parallax u-shading u-section-2\" id=\"sec-440c\" data-image-width=\"4032\" data-image-height=\"3024\" style=\"background-image: linear-gradient(0deg, rgba(0, 0, 0, 0.35), rgba(0, 0, 0, 0.35)), url(&quot;https:\/\/www.mini-studio.eu\/wp-content\/uploads\/2024\/11\/IMG_02382-scaled.jpg&quot;);\">\n      <div class=\"u-clearfix u-sheet u-sheet-1\">\n        <h1 class=\"u-custom-font u-text u-text-white u-title u-text-1\">Udogodnienia<\/h1>\n        <h2 class=\"u-custom-font u-subtitle u-text u-text-white u-text-2\">Wszystko, czego mo\u017cesz potrzebowa\u0107<\/h2>\n      <\/div>\n    <\/section>\n    <section class=\"u-clearfix u-section-3\" id=\"sec-e666\">\n      <div class=\"u-clearfix u-sheet u-sheet-1\">\n        <h2 class=\"u-align-center u-custom-font u-subtitle u-text u-text-grey-90 u-text-1\">Udogodnienia<\/h2>\n      <\/div>\n    <\/section>\n    <section class=\"u-clearfix u-section-4\" id=\"sec-735c\">\n      <div class=\"u-clearfix u-sheet u-sheet-1\">\n        <div class=\"data-layout-selected u-clearfix u-expanded-width u-layout-wrap u-layout-wrap-1\">\n          <div class=\"u-gutter-0 u-layout\">\n            <div class=\"u-layout-col\">\n              <div class=\"u-size-60\">\n                <div class=\"u-layout-row\">\n                  <div class=\"u-container-style u-layout-cell u-shape-rectangle u-size-20 u-size-60-md u-layout-cell-1\">\n                    <div class=\"u-container-layout u-valign-top u-container-layout-1\">\n                      <p class=\"u-custom-font u-text u-text-default u-text-1\"><span class=\"u-file-icon u-icon u-icon-1\"><img decoding=\"async\" src=\"https:\/\/www.mini-studio.eu\/wp-content\/uploads\/2025\/02\/905535.png\" alt=\"\"><\/span>&nbsp; <span style=\"font-weight: 600;\">Parkirali\u0161t\u011b <\/span>\n                        <br><span class=\"u-text-grey-70\">\u2022 Bezp\u0142atny publiczny parking dost\u0119pny jest na terenie obiektu i nie wymaga rezerwacji <br>\u2022 Parking przy ulicy<\/span>\n                        <br>\n                      <\/p>\n                      <p class=\"u-custom-font u-text u-text-default u-text-2\"><span class=\"u-file-icon u-icon u-icon-2\"><img decoding=\"async\" src=\"https:\/\/www.mini-studio.eu\/wp-content\/uploads\/2025\/02\/748151.png\" alt=\"\"><\/span>&nbsp; <span style=\"font-weight: 600;\"> Internet <\/span>\n                        <br><span class=\"u-text-grey-70\">\u2022 Bezprzewodowy dost\u0119p do internetu dost\u0119pny jest w ca\u0142ym obiekcie i jest bezp\u0142atny<\/span>\n                      <\/p>\n                      <p class=\"u-custom-font u-text u-text-grey-70 u-text-3\"><span class=\"u-file-icon u-icon u-icon-3\"><img decoding=\"async\" src=\"https:\/\/www.mini-studio.eu\/wp-content\/uploads\/2025\/02\/1033522.png\" alt=\"\"><\/span>&nbsp; <span style=\"font-weight: 600;\" class=\"u-text-body-color\"> Kuchnia <\/span>\n                        <br>\u2022 St\u00f3\u0142 kuchenny <br>\u2022 \u015arodki czysto\u015bci <br>\u2022 Przybory kuchenne <br>\u2022 Sztu\u0107ce <br>\u2022 Przybory do mycia naczy\u0144 <br>\u2022 Kuchenka mikrofalowa <br>\u2022 Lod\u00f3wka <br>\u2022 K\u0105cik do herbaty <br>\u2022 Patelnia <br>\u2022 Garnek <br>\u2022 Czajnik elektryczny <br>\u2022 Kuchenka\n                      <\/p>\n                      <p class=\"u-custom-font u-text u-text-4\"><span class=\"u-file-icon u-icon u-icon-4\"><img decoding=\"async\" src=\"https:\/\/www.mini-studio.eu\/wp-content\/uploads\/2025\/02\/952776.png\" alt=\"\"><\/span>&nbsp;<span style=\"font-weight: 700; font-size: 1.125rem;\"><span style=\"font-weight: 900;\"><span style=\"font-weight: 600; font-size: 1rem;\">Sypialnia<\/span><\/span><\/span>\n                        <br><span class=\"u-text-grey-70\">\u2022 \u0141\u00f3\u017cko Queen size <br>\u2022 Po\u015bciel<\/span>\n                      <\/p>\n                    <\/div>\n                  <\/div>\n                  <div class=\"u-container-style u-layout-cell u-shape-rectangle u-size-20 u-size-60-md u-layout-cell-2\">\n                    <div class=\"u-container-layout u-container-layout-2\">\n                      <p class=\"u-custom-font u-text u-text-grey-70 u-text-5\"><span class=\"u-file-icon u-icon u-icon-5\"><img decoding=\"async\" src=\"https:\/\/www.mini-studio.eu\/wp-content\/uploads\/2025\/02\/2176525.png\" alt=\"\"><\/span>&nbsp;<span style=\"font-weight: 600;\" class=\"u-text-body-color\"> \u0141azienka <\/span>\n                        <br>\u2022 Papier toaletowy <br>\u2022 R\u0119czniki <br>\u2022 Kabina prysznicowa <br>\u2022 W\u0142asna \u0142azienka <br>\u2022 WC <br>\u2022 Bezp\u0142atne przybory toaletowe <br>\u2022 Suszarka do w\u0142os\u00f3w <br>\u2022 Myd\u0142o <br>\u2022 Szampon <br>\u2022 Pralka<br>\n                      <\/p>\n                      <p class=\"u-custom-font u-text u-text-6\"><span class=\"u-file-icon u-icon u-icon-6\"><img decoding=\"async\" src=\"https:\/\/www.mini-studio.eu\/wp-content\/uploads\/2025\/02\/914400.png\" alt=\"\"><\/span>&nbsp;<span style=\"font-weight: 600;\">Salon <\/span>\n                        <br><span class=\"u-text-grey-70\">\u2022 Biurko <br>\u2022 Widok przez okno<\/span>\n                      <\/p>\n                      <p class=\"u-custom-font u-text u-text-7\"><span class=\"u-file-icon u-icon u-icon-7\"><img decoding=\"async\" src=\"https:\/\/www.mini-studio.eu\/wp-content\/uploads\/2025\/02\/3159461.png\" alt=\"\"><\/span>&nbsp; <span style=\"font-weight: 600;\">Media i technologia <\/span>\n                        <br><span class=\"u-text-grey-70\">\u2022 Konsola do gier <br>\u2022 Smart TV <br>\u2022 Gry wideo <br>\u2022 Radio <br>\u2022 Nag\u0142o\u015bnienie<\/span>\n                      <\/p>\n                    <\/div>\n                  <\/div>\n                  <div class=\"u-container-style u-layout-cell u-shape-rectangle u-size-20 u-size-60-md u-layout-cell-3\">\n                    <div class=\"u-container-layout u-container-layout-3\">\n                      <p class=\"u-custom-font u-text u-text-8\"><span class=\"u-file-icon u-icon u-icon-8\"><img decoding=\"async\" src=\"https:\/\/www.mini-studio.eu\/wp-content\/uploads\/2025\/02\/5201613.png\" alt=\"\"><\/span>&nbsp; <span style=\"font-weight: 600;\">Wyposa\u017cenie pokoju <\/span>\n                        <br><span class=\"u-text-grey-70\">\u2022 Suszarka do ubra\u0144 <br>\u2022 Wieszak na ubrania <br>\u2022 Prywatne wej\u015bcie <br>\u2022 \u017belazko <br>\u2022 Deska do prasowania <br>\u2022 Odkurzacz <br>\u2022 Wieszak na ubrania <br>\u2022 Szafa<\/span>\n                        <br>\n                      <\/p>\n                      <p class=\"u-custom-font u-text u-text-9\"><span class=\"u-file-icon u-icon u-icon-9\"><img decoding=\"async\" src=\"https:\/\/www.mini-studio.eu\/wp-content\/uploads\/2025\/02\/1535914.png\" alt=\"\"><\/span>&nbsp; <span style=\"font-weight: 600;\">Charakterystyka budynku<\/span>\n                        <br><span class=\"u-text-grey-70\">\u2022 Prywatny apartament w budynku<\/span>\n                        <br>\n                      <\/p>\n                      <p class=\"u-custom-font u-text u-text-10\"><span class=\"u-file-icon u-icon u-icon-10\"><img decoding=\"async\" src=\"https:\/\/www.mini-studio.eu\/wp-content\/uploads\/2025\/02\/905553.png\" alt=\"\"><\/span>&nbsp; <span style=\"font-size: 18px;\"><b><span style=\"font-weight: 600; font-size: 1rem;\">Us\u0142ugi recepcji<\/span><\/b><\/span>\n                        <br><span class=\"u-text-grey-70\">\u2022 Mo\u017ce wystawi\u0107 rachunek<br>\u2022 Szybki zameldowanie\/wymeldowanie<\/span>\n                      <\/p>\n                      <p class=\"u-custom-font u-text u-text-11\"><span class=\"u-file-icon u-icon u-icon-11\"><img decoding=\"async\" src=\"https:\/\/www.mini-studio.eu\/wp-content\/uploads\/2025\/02\/9066929.png\" alt=\"\"><\/span>&nbsp; <span style=\"font-size: 18px;\"><b><span style=\"font-weight: 600; font-size: 1rem;\">Inne<\/span><span style=\"font-weight: 600;\"><\/span><\/b><\/span>\n                        <br><span class=\"u-text-grey-70\">\u2022 Klimatyzacja<br>\u2022 Zakaz palenia w ca\u0142ym obiekcie<br>\u2022 Ogrzewanie<\/span>\n                      <\/p>\n                      <p class=\"u-custom-font u-text u-text-12\"><span class=\"u-file-icon u-icon u-icon-12\"><img decoding=\"async\" src=\"https:\/\/www.mini-studio.eu\/wp-content\/uploads\/2025\/02\/9828893.png\" alt=\"\"><\/span>&nbsp;<span style=\"font-weight: 600;\"><\/span><span style=\"font-size: 18px;\"><b><span style=\"font-weight: 600; font-size: 1rem;\">Us\u0142uga dost\u0119pna w<\/span><span style=\"font-weight: 600;\"><span style=\"font-weight: 600;\"><span style=\"font-weight: 600;\"><\/span><\/span><\/span><\/b><\/span>\n                        <br><span class=\"u-text-grey-70\">\u2022 Angielski<br>\u2022 Chorwacki<\/span>\n                      <\/p>\n                    <\/div>\n                  <\/div>\n                <\/div>\n              <\/div>\n            <\/div>\n          <\/div>\n        <\/div>\n      <\/div>\n    <\/section>\n    <section class=\"u-clearfix u-custom-color-21 u-section-5\" id=\"sec-b7c1\">\n      <div class=\"u-clearfix u-sheet u-sheet-1\">\n        <h2 class=\"u-align-left u-custom-font u-subtitle u-text u-text-grey-90 u-text-1\">S\u0105siedztwo<\/h2>\n        <p class=\"u-align-left u-custom-font u-text u-text-grey-70 u-text-2\"> Mini Studio Apartament znajduje si\u0119 na 1. pi\u0119trze mniejszego budynku, wybudowanego w 2009 roku. Na tym samym pi\u0119trze znajduj\u0105 si\u0119 2 jednostki mieszkalne, a na parterze znajduje si\u0119 \u0142adny bar kawowy. W weekendy mo\u017cesz spodziewa\u0107 si\u0119 ha\u0142asu z baru do 1 w nocy, je\u015bli masz otwarte okna.&nbsp;<br>\n        <\/p>\n      <\/div>\n    <\/section>\n    <section class=\"u-clearfix u-custom-color-21 u-section-6\" id=\"carousel_3a9f\">\n      <div class=\"u-clearfix u-sheet u-sheet-1\">\n        <h2 class=\"u-align-left u-custom-font u-subtitle u-text u-text-grey-90 u-text-1\">Wej\u015bcie do apartamentu<\/h2>\n        <p class=\"u-align-left u-custom-font u-text u-text-grey-70 u-text-2\"> Przed budynkiem zobaczysz Patrix Bar. Wej\u015bcie do budynku znajduje si\u0119 po prawej stronie baru, przy du\u017cych, kratowanych drzwiach. Po prawej stronie drzwi na \u015bcianie zobaczysz urz\u0105dzenie do wprowadzania pinu, kt\u00f3re odblokowuje drzwi. Wejd\u017a do holu i po lewej stronie zobaczysz drzwi. Wejd\u017a do budynku i na 1. pi\u0119trze sprawd\u017a drzwi oznaczone MINI STUDIO APARTMAN.&nbsp;<br>\n        <\/p>\n      <\/div>\n    <\/section>\n    <section class=\"u-clearfix u-section-7\" id=\"carousel_6829\">\n      <div class=\"u-clearfix u-sheet u-sheet-1\">\n        <div class=\"data-layout-selected u-clearfix u-expanded-width u-gutter-24 u-layout-wrap u-layout-wrap-1\">\n          <div class=\"u-layout\">\n            <div class=\"u-layout-row\">\n              <div class=\"u-container-style u-layout-cell u-size-30 u-layout-cell-1\">\n                <div class=\"u-container-layout u-container-layout-1\">\n                  <h2 class=\"u-align-left u-custom-font u-subtitle u-text u-text-grey-90 u-text-1\">Instrukcje parkingowe<\/h2>\n                  <p class=\"u-align-left u-custom-font u-text u-text-grey-70 u-text-2\">Bezp\u0142atny parking znajduje si\u0119 80 m od budynku. \u015aled\u017a instrukcje wideo i parkuj bezpiecznie. <br>\n                    <a href=\"https:\/\/www.youtube.com\/watch?v=MKsRlgHER1k\" class=\"u-active-none u-border-none u-btn u-button-link u-button-style u-hover-none u-none u-text-custom-color-9 u-btn-1\" target=\"_blank\">Kliknij tutaj, aby uzyska\u0107 instrukcje parkingowe w j\u0119zyku angielskim.<\/a>\n                  <\/p>\n                  <div class=\"u-video u-video-contain u-video-1\">\n                    <div class=\"embed-responsive embed-responsive-1\">\n                      <iframe style=\"position: absolute;top: 0;left: 0;width: 100%;height: 100%;\" class=\"embed-responsive-item\" src=\"https:\/\/www.youtube.com\/embed\/bnS_M10VnUY?mute=0&amp;showinfo=0&amp;controls=0&amp;start=0\" frameborder=\"0\" allowfullscreen=\"\"><\/iframe>\n                    <\/div>\n                  <\/div>\n                <\/div>\n              <\/div>\n              <div class=\"u-container-style u-layout-cell u-size-30 u-layout-cell-2\">\n                <div class=\"u-container-layout u-container-layout-2\">\n                  <img decoding=\"async\" class=\"u-absolute-hcenter u-expanded-height u-image u-image-contain u-image-round u-radius u-image-1\" src=\"https:\/\/www.mini-studio.eu\/wp-content\/uploads\/2024\/09\/parking.jpg\" alt=\"\" data-image-width=\"750\" data-image-height=\"1080\">\n                <\/div>\n              <\/div>\n            <\/div>\n          <\/div>\n        <\/div>\n      <\/div>\n    <\/section>\n    <section class=\"u-clearfix u-custom-color-21 u-section-8\" id=\"carousel_91ab\">\n      <div class=\"u-clearfix u-sheet u-sheet-1\">\n        <h2 class=\"u-align-left u-custom-font u-subtitle u-text u-text-grey-90 u-text-1\">Okolica obiektu<\/h2>\n        <p class=\"u-align-left u-custom-font u-text u-text-2\"><span style=\"font-weight: 600;\">Co jest w pobli\u017cu <\/span>\n          <br><span class=\"u-text-grey-70\">Plac Antuna Gustava Mato\u0161a \u2219 11 km <br>Mestni park Ro\u017ea \u2219 19 km <\/span>\n          <br>\n          <br><span style=\"font-weight: 600;\">Transport publiczny <\/span>\n          <br><span class=\"u-text-grey-70\">Poci\u0105g \u2219 \u010cakovec-Buzovec \u2219 600 m <br>Poci\u0105g \u2219 \u010cakovec \u2219 1,9 km <\/span>\n          <br>\n          <br><span style=\"font-weight: 600;\">Najbli\u017csze lotniska <\/span>\n          <br><span class=\"u-text-grey-70\">Lotnisko Maribor Edvard Rusjan \u2219 57 km <br>Lotnisko H\u00e9v\u00edz\u2013Balaton \u2219 63 km <br>Lotnisko Zagreb Franjo Tu\u0111man \u2219 75 km<\/span>\n          <br>\n        <\/p>\n      <\/div>\n    <\/section>\n    \n    \n    \n    \n  \n<\/div>","protected":false},"excerpt":{"rendered":"<p>Pogodnosti Sve \u0161to vam mo\u017ee zatrebati Pogodnosti &nbsp; Parkirali\u0161te \u2022 besplatno javno parkirali\u0161te dostupno je u okviru objekta i nije potrebna rezervacija \u2022 parking uz cestu &nbsp; Internet \u2022 be\u017ei\u010dni pristup internetu dostupan je u cijelom objektu i ne napla\u0107uje se &nbsp; Kuhinja \u2022 kuhinjski stol \u2022 sredstva za \u010di\u0161\u0107enje \u2022 kuhinjski pribor \u2022 pribor [&hellip;]<\/p>\n","protected":false},"author":1,"featured_media":0,"parent":0,"menu_order":2,"comment_status":"closed","ping_status":"closed","template":"","meta":{"footnotes":""},"class_list":["post-69","page","type-page","status-publish","hentry"],"yoast_head":"<!-- This site is optimized with the Yoast SEO plugin v27.5 - https:\/\/yoast.com\/product\/yoast-seo-wordpress\/ -->\n<title>Amenities - Mini Studio Apartment<\/title>\n<meta name=\"description\" content=\"Mini Studio ima sve \u0161to vam treba - Potpuno je opremljen, sadr\u017ei malu kuhinjicu, kupaonicu, bra\u010dni krevet, TV, i sve \u0161to vam mo\u017ee zatrebati.\" \/>\n<meta name=\"robots\" content=\"index, follow, max-snippet:-1, max-image-preview:large, max-video-preview:-1\" \/>\n<link rel=\"canonical\" href=\"https:\/\/www.mini-studio.eu\/pl\/amenities\/\" \/>\n<meta property=\"og:locale\" content=\"pl_PL\" \/>\n<meta property=\"og:type\" content=\"article\" \/>\n<meta property=\"og:title\" content=\"Pogodnosti - Mini Studio Apartment\" \/>\n<meta property=\"og:description\" content=\"Mini Studio ima sve \u0161to vam treba - Potpuno je opremljen, sadr\u017ei malu kuhinjicu, kupaonicu, bra\u010dni krevet, TV, i sve \u0161to vam mo\u017ee zatrebati.\" \/>\n<meta property=\"og:url\" content=\"https:\/\/www.mini-studio.eu\/pl\/amenities\/\" \/>\n<meta property=\"og:site_name\" content=\"Mini Studio\" \/>\n<meta property=\"article:publisher\" content=\"https:\/\/www.facebook.com\/mini.studio.apartment\/\" \/>\n<meta property=\"article:modified_time\" content=\"2025-04-14T14:25:28+00:00\" \/>\n<meta property=\"og:image\" content=\"https:\/\/www.mini-studio.eu\/wp-content\/uploads\/2024\/09\/galerija1-1.jpg\" \/>\n\t<meta property=\"og:image:width\" content=\"1500\" \/>\n\t<meta property=\"og:image:height\" content=\"1125\" \/>\n\t<meta property=\"og:image:type\" content=\"image\/jpeg\" \/>\n<meta name=\"twitter:card\" content=\"summary_large_image\" \/>\n<meta name=\"twitter:label1\" content=\"Szacowany czas czytania\" \/>\n\t<meta name=\"twitter:data1\" content=\"3 minuty\" \/>\n<script type=\"application\/ld+json\" class=\"yoast-schema-graph\">{\"@context\":\"https:\\\/\\\/schema.org\",\"@graph\":[{\"@type\":\"WebPage\",\"@id\":\"https:\\\/\\\/www.mini-studio.eu\\\/amenities\\\/\",\"url\":\"https:\\\/\\\/www.mini-studio.eu\\\/amenities\\\/\",\"name\":\"Amenities - Mini Studio Apartment\",\"isPartOf\":{\"@id\":\"https:\\\/\\\/www.mini-studio.eu\\\/#website\"},\"datePublished\":\"2020-08-23T10:24:35+00:00\",\"dateModified\":\"2025-04-14T14:25:28+00:00\",\"description\":\"Mini Studio ima sve \u0161to vam treba - Potpuno je opremljen, sadr\u017ei malu kuhinjicu, kupaonicu, bra\u010dni krevet, TV, i sve \u0161to vam mo\u017ee zatrebati.\",\"breadcrumb\":{\"@id\":\"https:\\\/\\\/www.mini-studio.eu\\\/amenities\\\/#breadcrumb\"},\"inLanguage\":\"pl-PL\",\"potentialAction\":[{\"@type\":\"ReadAction\",\"target\":[\"https:\\\/\\\/www.mini-studio.eu\\\/amenities\\\/\"]}]},{\"@type\":\"BreadcrumbList\",\"@id\":\"https:\\\/\\\/www.mini-studio.eu\\\/amenities\\\/#breadcrumb\",\"itemListElement\":[{\"@type\":\"ListItem\",\"position\":1,\"name\":\"Home\",\"item\":\"https:\\\/\\\/www.mini-studio.eu\\\/\"},{\"@type\":\"ListItem\",\"position\":2,\"name\":\"Pogodnosti\"}]},{\"@type\":\"WebSite\",\"@id\":\"https:\\\/\\\/www.mini-studio.eu\\\/#website\",\"url\":\"https:\\\/\\\/www.mini-studio.eu\\\/\",\"name\":\"Mini Studio Apartment\",\"description\":\"Your Mini Home\",\"publisher\":{\"@id\":\"https:\\\/\\\/www.mini-studio.eu\\\/#organization\"},\"alternateName\":\"Mini Studio\",\"potentialAction\":[{\"@type\":\"SearchAction\",\"target\":{\"@type\":\"EntryPoint\",\"urlTemplate\":\"https:\\\/\\\/www.mini-studio.eu\\\/?s={search_term_string}\"},\"query-input\":{\"@type\":\"PropertyValueSpecification\",\"valueRequired\":true,\"valueName\":\"search_term_string\"}}],\"inLanguage\":\"pl-PL\"},{\"@type\":\"Organization\",\"@id\":\"https:\\\/\\\/www.mini-studio.eu\\\/#organization\",\"name\":\"Mini Studio\",\"url\":\"https:\\\/\\\/www.mini-studio.eu\\\/\",\"logo\":{\"@type\":\"ImageObject\",\"inLanguage\":\"pl-PL\",\"@id\":\"https:\\\/\\\/www.mini-studio.eu\\\/#\\\/schema\\\/logo\\\/image\\\/\",\"url\":\"https:\\\/\\\/www.mini-studio.eu\\\/wp-content\\\/uploads\\\/2024\\\/09\\\/logo_mini-studio-removebg-preview-1.png\",\"contentUrl\":\"https:\\\/\\\/www.mini-studio.eu\\\/wp-content\\\/uploads\\\/2024\\\/09\\\/logo_mini-studio-removebg-preview-1.png\",\"width\":494,\"height\":154,\"caption\":\"Mini Studio\"},\"image\":{\"@id\":\"https:\\\/\\\/www.mini-studio.eu\\\/#\\\/schema\\\/logo\\\/image\\\/\"},\"sameAs\":[\"https:\\\/\\\/www.facebook.com\\\/mini.studio.apartment\\\/\"]}]}<\/script>\n<!-- \/ Yoast SEO plugin. -->","yoast_head_json":{"title":"Amenities - Mini Studio Apartment","description":"Mini Studio ima sve \u0161to vam treba - Potpuno je opremljen, sadr\u017ei malu kuhinjicu, kupaonicu, bra\u010dni krevet, TV, i sve \u0161to vam mo\u017ee zatrebati.","robots":{"index":"index","follow":"follow","max-snippet":"max-snippet:-1","max-image-preview":"max-image-preview:large","max-video-preview":"max-video-preview:-1"},"canonical":"https:\/\/www.mini-studio.eu\/pl\/amenities\/","og_locale":"pl_PL","og_type":"article","og_title":"Pogodnosti - Mini Studio Apartment","og_description":"Mini Studio ima sve \u0161to vam treba - Potpuno je opremljen, sadr\u017ei malu kuhinjicu, kupaonicu, bra\u010dni krevet, TV, i sve \u0161to vam mo\u017ee zatrebati.","og_url":"https:\/\/www.mini-studio.eu\/pl\/amenities\/","og_site_name":"Mini Studio","article_publisher":"https:\/\/www.facebook.com\/mini.studio.apartment\/","article_modified_time":"2025-04-14T14:25:28+00:00","og_image":[{"width":1500,"height":1125,"url":"https:\/\/www.mini-studio.eu\/wp-content\/uploads\/2024\/09\/galerija1-1.jpg","type":"image\/jpeg"}],"twitter_card":"summary_large_image","twitter_misc":{"Szacowany czas czytania":"3 minuty"},"schema":{"@context":"https:\/\/schema.org","@graph":[{"@type":"WebPage","@id":"https:\/\/www.mini-studio.eu\/amenities\/","url":"https:\/\/www.mini-studio.eu\/amenities\/","name":"Amenities - Mini Studio Apartment","isPartOf":{"@id":"https:\/\/www.mini-studio.eu\/#website"},"datePublished":"2020-08-23T10:24:35+00:00","dateModified":"2025-04-14T14:25:28+00:00","description":"Mini Studio ima sve \u0161to vam treba - Potpuno je opremljen, sadr\u017ei malu kuhinjicu, kupaonicu, bra\u010dni krevet, TV, i sve \u0161to vam mo\u017ee zatrebati.","breadcrumb":{"@id":"https:\/\/www.mini-studio.eu\/amenities\/#breadcrumb"},"inLanguage":"pl-PL","potentialAction":[{"@type":"ReadAction","target":["https:\/\/www.mini-studio.eu\/amenities\/"]}]},{"@type":"BreadcrumbList","@id":"https:\/\/www.mini-studio.eu\/amenities\/#breadcrumb","itemListElement":[{"@type":"ListItem","position":1,"name":"Home","item":"https:\/\/www.mini-studio.eu\/"},{"@type":"ListItem","position":2,"name":"Pogodnosti"}]},{"@type":"WebSite","@id":"https:\/\/www.mini-studio.eu\/#website","url":"https:\/\/www.mini-studio.eu\/","name":"Mini Studio Apartment","description":"Your Mini Home","publisher":{"@id":"https:\/\/www.mini-studio.eu\/#organization"},"alternateName":"Mini Studio","potentialAction":[{"@type":"SearchAction","target":{"@type":"EntryPoint","urlTemplate":"https:\/\/www.mini-studio.eu\/?s={search_term_string}"},"query-input":{"@type":"PropertyValueSpecification","valueRequired":true,"valueName":"search_term_string"}}],"inLanguage":"pl-PL"},{"@type":"Organization","@id":"https:\/\/www.mini-studio.eu\/#organization","name":"Mini Studio","url":"https:\/\/www.mini-studio.eu\/","logo":{"@type":"ImageObject","inLanguage":"pl-PL","@id":"https:\/\/www.mini-studio.eu\/#\/schema\/logo\/image\/","url":"https:\/\/www.mini-studio.eu\/wp-content\/uploads\/2024\/09\/logo_mini-studio-removebg-preview-1.png","contentUrl":"https:\/\/www.mini-studio.eu\/wp-content\/uploads\/2024\/09\/logo_mini-studio-removebg-preview-1.png","width":494,"height":154,"caption":"Mini Studio"},"image":{"@id":"https:\/\/www.mini-studio.eu\/#\/schema\/logo\/image\/"},"sameAs":["https:\/\/www.facebook.com\/mini.studio.apartment\/"]}]}},"jetpack_sharing_enabled":true,"_links":{"self":[{"href":"https:\/\/www.mini-studio.eu\/pl\/wp-json\/wp\/v2\/pages\/69","targetHints":{"allow":["GET"]}}],"collection":[{"href":"https:\/\/www.mini-studio.eu\/pl\/wp-json\/wp\/v2\/pages"}],"about":[{"href":"https:\/\/www.mini-studio.eu\/pl\/wp-json\/wp\/v2\/types\/page"}],"author":[{"embeddable":true,"href":"https:\/\/www.mini-studio.eu\/pl\/wp-json\/wp\/v2\/users\/1"}],"replies":[{"embeddable":true,"href":"https:\/\/www.mini-studio.eu\/pl\/wp-json\/wp\/v2\/comments?post=69"}],"version-history":[{"count":51,"href":"https:\/\/www.mini-studio.eu\/pl\/wp-json\/wp\/v2\/pages\/69\/revisions"}],"predecessor-version":[{"id":2092,"href":"https:\/\/www.mini-studio.eu\/pl\/wp-json\/wp\/v2\/pages\/69\/revisions\/2092"}],"wp:attachment":[{"href":"https:\/\/www.mini-studio.eu\/pl\/wp-json\/wp\/v2\/media?parent=69"}],"curies":[{"name":"wp","href":"https:\/\/api.w.org\/{rel}","templated":true}]}}